{"id":2216,"date":"2024-10-14T12:04:10","date_gmt":"2024-10-14T10:04:10","guid":{"rendered":"https:\/\/deltatemp.digitalleader.dev\/product\/niet-gecategoriseerd\/adiabatische-koeler-vc14\/"},"modified":"2025-06-24T16:21:52","modified_gmt":"2025-06-24T14:21:52","slug":"adiabatische-verdunstungskuhlung-vc14","status":"publish","type":"product","link":"https:\/\/delta-temp.com\/de_de\/produkt\/adiabatische-verdunstungskuhlung-vc14\/","title":{"rendered":"Verdunstungsk\u00fchler VC14"},"content":{"rendered":"<p>Dieser effiziente adiabatische K\u00fchler mit einem Luftdurchsatz von 14.400 m\u00b3\/h ist perfekt f\u00fcr die K\u00fchlung von R\u00e4umen bis zu 197 m\u00b2. Abh\u00e4ngig von den Umgebungsbedingungen kann er die gef\u00fchlte Temperatur um bis zu 5 \u00b0C bis 10 \u00b0C senken.<\/p>\n<p>Dieser K\u00fchler ist eine ideale Wahl f\u00fcr Orte, an denen herk\u00f6mmliche Klimaanlagen nicht machbar oder zu kostspielig sind. Dazu geh\u00f6ren gro\u00dfe Fabrikhallen, Lagerh\u00e4user, Werkst\u00e4tten, Sportanlagen, Veranstaltungen und sogar Nachtclubs.<\/p>\n<p>Dar\u00fcber hinaus profitieren Sie von einer einfachen Plug-and-Play-L\u00f6sung, die eine schnelle und problemlose Installation erm\u00f6glicht. M\u00f6chten Sie den VC14 mieten? Unsere zertifizierten Techniker stehen bereit, um Ihnen eine ma\u00dfgeschneiderte Klimatisierungsl\u00f6sung zu bieten, die perfekt auf Ihre Bed\u00fcrfnisse zugeschnitten ist.<\/p>","protected":false},"excerpt":{"rendered":"<p>Deze effici\u00ebnte adiabatische koeler, met een luchtdebiet van 14.400 m\u00b3\/h, is perfect voor het koelen van ruimtes tot 197 m\u00b2. Afhankelijk van de omgevingsfactoren kan hij de gevoelstemperatuur met maar liefst 5 \u00b0C tot 10 \u00b0C verlagen. Deze koeler is een ideale keuze voor locaties waar traditionele airco-systemen niet haalbaar of te kostbaar zijn. Denk [&hellip;]<\/p>\n","protected":false},"featured_media":1613,"template":"","meta":{"_acf_changed":false},"characteristic":[],"producttype":[32],"product_brand":[],"product_cat":[20,24],"product_tag":[],"class_list":{"0":"post-2216","1":"product","2":"type-product","3":"status-publish","4":"has-post-thumbnail","6":"producttype-verhuur","7":"product_cat-koeling","8":"product_cat-adiabatische-koeling","10":"first","11":"instock","12":"product-type-simple"},"acf":[],"_links":{"self":[{"href":"https:\/\/delta-temp.com\/de_de\/wp-json\/wp\/v2\/product\/2216","targetHints":{"allow":["GET"]}}],"collection":[{"href":"https:\/\/delta-temp.com\/de_de\/wp-json\/wp\/v2\/product"}],"about":[{"href":"https:\/\/delta-temp.com\/de_de\/wp-json\/wp\/v2\/types\/product"}],"wp:featuredmedia":[{"embeddable":true,"href":"https:\/\/delta-temp.com\/de_de\/wp-json\/wp\/v2\/media\/1613"}],"wp:attachment":[{"href":"https:\/\/delta-temp.com\/de_de\/wp-json\/wp\/v2\/media?parent=2216"}],"wp:term":[{"taxonomy":"characteristic","embeddable":true,"href":"https:\/\/delta-temp.com\/de_de\/wp-json\/wp\/v2\/characteristic?post=2216"},{"taxonomy":"producttype","embeddable":true,"href":"https:\/\/delta-temp.com\/de_de\/wp-json\/wp\/v2\/producttype?post=2216"},{"taxonomy":"product_brand","embeddable":true,"href":"https:\/\/delta-temp.com\/de_de\/wp-json\/wp\/v2\/product_brand?post=2216"},{"taxonomy":"product_cat","embeddable":true,"href":"https:\/\/delta-temp.com\/de_de\/wp-json\/wp\/v2\/product_cat?post=2216"},{"taxonomy":"product_tag","embeddable":true,"href":"https:\/\/delta-temp.com\/de_de\/wp-json\/wp\/v2\/product_tag?post=2216"}],"curies":[{"name":"wp","href":"https:\/\/api.w.org\/{rel}","templated":true}]}}