{"id":2215,"date":"2024-10-14T12:04:10","date_gmt":"2024-10-14T10:04:10","guid":{"rendered":"https:\/\/deltatemp.digitalleader.dev\/product\/niet-gecategoriseerd\/cool-force-7\/"},"modified":"2025-06-24T16:12:25","modified_gmt":"2025-06-24T14:12:25","slug":"cool-force-7","status":"publish","type":"product","link":"https:\/\/delta-temp.com\/de_de\/produkt\/cool-force-7\/","title":{"rendered":"Cool Force 7"},"content":{"rendered":"<p>Entdecken Sie den Cool Force 7 mit einem Luftdurchsatz von 22.000 m\u00b3\/h, ideal f\u00fcr die Spot-K\u00fchlung von R\u00e4umen bis zu 330 m\u00b2. Die Einheit arbeitet nach dem adiabatischen K\u00fchlverfahren und hat einen Ger\u00e4uschpegel von nur 67 dB. Dank der automatischen schwenkbaren Lamellen wird die gek\u00fchlte Luft gleichm\u00e4\u00dfig verteilt. Der K\u00fchler verbraucht 12-18 Liter Wasser pro Stunde und verf\u00fcgt \u00fcber einen 120-Liter-Wassertank mit einem \u00bd-Zoll-Schlauchanschluss. Eine UV-Lampe bek\u00e4mpft Viren und Bakterien, und robuste R\u00e4der erleichtern den Transport.<\/p>\n<p>Dieser Verdunstungsk\u00fchler kann sowohl in geschlossenen als auch in offenen R\u00e4umen eingesetzt werden. Dazu geh\u00f6ren Lagerhallen, Werkst\u00e4tten, Produktionsr\u00e4ume, Veranstaltungen, Sortierzentren, Fitnessr\u00e4ume, Sporthallen, Viehst\u00e4lle und sogar Diskotheken.<\/p>\n<p>&nbsp;<\/p>","protected":false},"excerpt":{"rendered":"<p>Ontdek de Cool Force 7 met een luchtdebiet van 22.000 m\u00b3\/h, ideaal voor spot-cooling van ruimtes tot 330 m\u00b2. De unit werkt volgens het adiabatische koelingproces en heeft een geluidsniveau van slechts 67dB. Dankzij de automatische zwenkende lamellen wordt de gekoelde lucht gelijkmatig verdeeld. De koeler verbruikt 12-18L water per uur en heeft een 120L [&hellip;]<\/p>\n","protected":false},"featured_media":2483,"template":"","meta":{"_acf_changed":false},"characteristic":[],"producttype":[32],"product_brand":[],"product_cat":[24],"product_tag":[],"class_list":{"0":"post-2215","1":"product","2":"type-product","3":"status-publish","4":"has-post-thumbnail","6":"producttype-verhuur","7":"product_cat-adiabatische-koeling","9":"first","10":"instock","11":"product-type-simple"},"acf":[],"_links":{"self":[{"href":"https:\/\/delta-temp.com\/de_de\/wp-json\/wp\/v2\/product\/2215","targetHints":{"allow":["GET"]}}],"collection":[{"href":"https:\/\/delta-temp.com\/de_de\/wp-json\/wp\/v2\/product"}],"about":[{"href":"https:\/\/delta-temp.com\/de_de\/wp-json\/wp\/v2\/types\/product"}],"wp:featuredmedia":[{"embeddable":true,"href":"https:\/\/delta-temp.com\/de_de\/wp-json\/wp\/v2\/media\/2483"}],"wp:attachment":[{"href":"https:\/\/delta-temp.com\/de_de\/wp-json\/wp\/v2\/media?parent=2215"}],"wp:term":[{"taxonomy":"characteristic","embeddable":true,"href":"https:\/\/delta-temp.com\/de_de\/wp-json\/wp\/v2\/characteristic?post=2215"},{"taxonomy":"producttype","embeddable":true,"href":"https:\/\/delta-temp.com\/de_de\/wp-json\/wp\/v2\/producttype?post=2215"},{"taxonomy":"product_brand","embeddable":true,"href":"https:\/\/delta-temp.com\/de_de\/wp-json\/wp\/v2\/product_brand?post=2215"},{"taxonomy":"product_cat","embeddable":true,"href":"https:\/\/delta-temp.com\/de_de\/wp-json\/wp\/v2\/product_cat?post=2215"},{"taxonomy":"product_tag","embeddable":true,"href":"https:\/\/delta-temp.com\/de_de\/wp-json\/wp\/v2\/product_tag?post=2215"}],"curies":[{"name":"wp","href":"https:\/\/api.w.org\/{rel}","templated":true}]}}