{"id":2214,"date":"2024-10-14T12:04:06","date_gmt":"2024-10-14T10:04:06","guid":{"rendered":"https:\/\/deltatemp.digitalleader.dev\/product\/niet-gecategoriseerd\/airco-ac-10-h\/"},"modified":"2025-06-24T16:10:40","modified_gmt":"2025-06-24T14:10:40","slug":"klimaanlage-ac-10-h","status":"publish","type":"product","link":"https:\/\/delta-temp.com\/de_de\/produkt\/klimaanlage-ac-10-h\/","title":{"rendered":"Klimager\u00e4t mit Heizfunktion AC 10H"},"content":{"rendered":"<p>Mobile industrielle Klimaanlage mit einer Heiz- und K\u00fchlkapazit\u00e4t von 10 kW, einer Luftstromrate von 1450 m\u00b3\/h und einer 230V-Stromversorgung. Das robuste Metallgeh\u00e4use, ausgestattet mit Gabelstapler\u00f6ffnungen, Industrie-R\u00e4dern und Transportgriffen, macht sie perfekt f\u00fcr anspruchsvolle Bedingungen und sorgt daf\u00fcr, dass die Klimaanlage einfach zu bewegen ist.<\/p>\n<p>Mit einer Entfeuchtungskapazit\u00e4t von 180 Litern pro Tag ist die AC 10 H Klimaanlage ideal zum Trocknen von Geb\u00e4uden. Die kalte Luft wird dank Adapterplatten f\u00fcr 300 mm Luftschl\u00e4uche effizient verteilt, und die Thermostatsteuerung wechselt m\u00fchelos zwischen K\u00fchlen und Heizen.<\/p>\n<p>Egal, ob es sich um Serverr\u00e4ume, Veranstaltungen, Lager- oder Verkaufsr\u00e4ume, Produktionsst\u00e4tten oder Werkst\u00e4tten handelt, diese vielseitige Klimaanlage ist die ideale L\u00f6sung f\u00fcr all Ihre K\u00fchl- und Heizbed\u00fcrfnisse.<\/p>","protected":false},"excerpt":{"rendered":"<p>Mobiele industri\u00eble airconditioning met een verwarmings- en koelcapaciteit van 10 kW en een luchtstroomsnelheid van 1450 m\u00b3\/h en een 230V-voeding. De stevige metalen behuizing, uitgerust met vorkkokers, industri\u00eble wielen en transporthandgrepen, maakt hem perfect voor zware omstandigheden en zorgt ervoor dat de airco eenvoudig te verplaatsen is. Met een ontvochtigingscapaciteit van 180 liter per dag [&hellip;]<\/p>\n","protected":false},"featured_media":2667,"template":"","meta":{"_acf_changed":false},"characteristic":[],"producttype":[32],"product_brand":[],"product_cat":[23],"product_tag":[],"class_list":{"0":"post-2214","1":"product","2":"type-product","3":"status-publish","4":"has-post-thumbnail","6":"producttype-verhuur","7":"product_cat-mobiele-airco","9":"first","10":"instock","11":"product-type-simple"},"acf":[],"_links":{"self":[{"href":"https:\/\/delta-temp.com\/de_de\/wp-json\/wp\/v2\/product\/2214","targetHints":{"allow":["GET"]}}],"collection":[{"href":"https:\/\/delta-temp.com\/de_de\/wp-json\/wp\/v2\/product"}],"about":[{"href":"https:\/\/delta-temp.com\/de_de\/wp-json\/wp\/v2\/types\/product"}],"wp:featuredmedia":[{"embeddable":true,"href":"https:\/\/delta-temp.com\/de_de\/wp-json\/wp\/v2\/media\/2667"}],"wp:attachment":[{"href":"https:\/\/delta-temp.com\/de_de\/wp-json\/wp\/v2\/media?parent=2214"}],"wp:term":[{"taxonomy":"characteristic","embeddable":true,"href":"https:\/\/delta-temp.com\/de_de\/wp-json\/wp\/v2\/characteristic?post=2214"},{"taxonomy":"producttype","embeddable":true,"href":"https:\/\/delta-temp.com\/de_de\/wp-json\/wp\/v2\/producttype?post=2214"},{"taxonomy":"product_brand","embeddable":true,"href":"https:\/\/delta-temp.com\/de_de\/wp-json\/wp\/v2\/product_brand?post=2214"},{"taxonomy":"product_cat","embeddable":true,"href":"https:\/\/delta-temp.com\/de_de\/wp-json\/wp\/v2\/product_cat?post=2214"},{"taxonomy":"product_tag","embeddable":true,"href":"https:\/\/delta-temp.com\/de_de\/wp-json\/wp\/v2\/product_tag?post=2214"}],"curies":[{"name":"wp","href":"https:\/\/api.w.org\/{rel}","templated":true}]}}