{"id":2213,"date":"2024-10-14T12:04:06","date_gmt":"2024-10-14T10:04:06","guid":{"rendered":"https:\/\/deltatemp.digitalleader.dev\/product\/niet-gecategoriseerd\/airco-ac-10-evo\/"},"modified":"2025-06-24T15:54:54","modified_gmt":"2025-06-24T13:54:54","slug":"klimaanlage-ac-10-evo","status":"publish","type":"product","link":"https:\/\/delta-temp.com\/de_de\/produkt\/klimaanlage-ac-10-evo\/","title":{"rendered":"Klimaanlage AC 10 EVO"},"content":{"rendered":"<p class=\"translation-block\">Der AC 10 EVO ist eine robuste Monoblock-Klimaanlage, ideal f\u00fcr den Au\u00dfeneinsatz, und bietet sowohl K\u00fchlung als auch Heizung mit einer Leistung von 11 kW. Die Klimaanlage kann die Temperatur in einem Raum um bis zu 10 \u00b0C senken und sorgt f\u00fcr eine angenehme Atmosph\u00e4re, unabh\u00e4ngig von den Bedingungen.<\/p>\n<p class=\"translation-block\">Der AC 10 EVO verf\u00fcgt \u00fcber einen 230V-Stecker, wodurch das Ger\u00e4t einfach anzuschlie\u00dfen und \u00fcberall einsetzbar ist. Mit einem Luftschlauch von 300 mm Durchmesser bl\u00e4st das Ger\u00e4t die Luft effizient in den Raum. Der leistungsstarke Ventilator liefert einen Luftdurchsatz von 2200 m\u00b3\/h und sorgt f\u00fcr eine gleichm\u00e4\u00dfige Verteilung der gek\u00fchlten oder erw\u00e4rmten Luft.<\/p>\n<p class=\"translation-block\">Der AC 10 EVO wurde speziell entwickelt, um schnell installiert und sofort einsatzbereit zu sein. Ob Sie ein B\u00fcro, ein Zelt, ein Gesch\u00e4ft, einen Serverraum oder einen Fitnessraum k\u00fchlen oder heizen m\u00fcssen, diese Klimaanlage bietet die zuverl\u00e4ssige L\u00f6sung, die Sie suchen.<\/p>","protected":false},"excerpt":{"rendered":"<p>De AC 10 EVO is een robuuste monoblock airco ideaal voor buitenopstellingen en biedt zowel koeling als verwarming met een koel- en warmtevermogen van 11 kW. De airco kan de temperatuur in een ruimte verlagen met maximum 10 \u00b0C en zorgt voor een comfortabele atmosfeer, ongeacht de omstandigheden.\u00a0 De AC 10 EVO beschikt over een [&hellip;]<\/p>\n","protected":false},"featured_media":2512,"template":"","meta":{"_acf_changed":false},"characteristic":[],"producttype":[32],"product_brand":[],"product_cat":[23],"product_tag":[],"class_list":{"0":"post-2213","1":"product","2":"type-product","3":"status-publish","4":"has-post-thumbnail","6":"producttype-verhuur","7":"product_cat-mobiele-airco","9":"first","10":"instock","11":"product-type-simple"},"acf":[],"_links":{"self":[{"href":"https:\/\/delta-temp.com\/de_de\/wp-json\/wp\/v2\/product\/2213","targetHints":{"allow":["GET"]}}],"collection":[{"href":"https:\/\/delta-temp.com\/de_de\/wp-json\/wp\/v2\/product"}],"about":[{"href":"https:\/\/delta-temp.com\/de_de\/wp-json\/wp\/v2\/types\/product"}],"wp:featuredmedia":[{"embeddable":true,"href":"https:\/\/delta-temp.com\/de_de\/wp-json\/wp\/v2\/media\/2512"}],"wp:attachment":[{"href":"https:\/\/delta-temp.com\/de_de\/wp-json\/wp\/v2\/media?parent=2213"}],"wp:term":[{"taxonomy":"characteristic","embeddable":true,"href":"https:\/\/delta-temp.com\/de_de\/wp-json\/wp\/v2\/characteristic?post=2213"},{"taxonomy":"producttype","embeddable":true,"href":"https:\/\/delta-temp.com\/de_de\/wp-json\/wp\/v2\/producttype?post=2213"},{"taxonomy":"product_brand","embeddable":true,"href":"https:\/\/delta-temp.com\/de_de\/wp-json\/wp\/v2\/product_brand?post=2213"},{"taxonomy":"product_cat","embeddable":true,"href":"https:\/\/delta-temp.com\/de_de\/wp-json\/wp\/v2\/product_cat?post=2213"},{"taxonomy":"product_tag","embeddable":true,"href":"https:\/\/delta-temp.com\/de_de\/wp-json\/wp\/v2\/product_tag?post=2213"}],"curies":[{"name":"wp","href":"https:\/\/api.w.org\/{rel}","templated":true}]}}