{"id":2211,"date":"2024-10-14T12:04:06","date_gmt":"2024-10-14T10:04:06","guid":{"rendered":"https:\/\/deltatemp.digitalleader.dev\/product\/niet-gecategoriseerd\/mobiele-spot-airco-ac7-0\/"},"modified":"2025-06-24T15:49:51","modified_gmt":"2025-06-24T13:49:51","slug":"mobile-spot-klimaanlage-ac7-0","status":"publish","type":"product","link":"https:\/\/delta-temp.com\/de_de\/produkt\/mobile-spot-klimaanlage-ac7-0\/","title":{"rendered":"Mobile Spot-Klimaanlage AC7.0"},"content":{"rendered":"<p><span data-contrast=\"auto\">Der Spot Cooler AC 7.0 hat eine K\u00fchlleistung von 7,1 kW und ist ideal zum K\u00fchlen von R\u00e4umen bis zu 250 m\u00b3, wie Serverr\u00e4ume, industrielle Anlagen und Werkst\u00e4tten. Dank des 230V-Steckers ist das Ger\u00e4t flexibel an verschiedenen Standorten einsetzbar. Mit zwei L\u00fcftereinstellungen, die Luftstr\u00f6me von 800 m\u00b3\/h und 1020 m\u00b3\/h bieten, k\u00f6nnen Sie die gew\u00fcnschte K\u00fchlung einfach \u00fcber das Bedienfeld einstellen. Die Klimaanlage ist zudem leicht zu bewegen und die flexiblen, ausziehbaren und richtbaren Luftausl\u00e4sse sorgen f\u00fcr gezielte K\u00fchlung genau dort, wo sie ben\u00f6tigt wird.<\/span><span data-ccp-props=\"{&quot;134233117&quot;:true,&quot;134233118&quot;:true,&quot;201341983&quot;:0,&quot;335559740&quot;:279}\">\u00a0<\/span><\/p>\n<p><span data-contrast=\"auto\">Der Spot Cooler ist ein Monoblock-Modell und leitet die warme Luft \u00fcber einen bis zu 10 Meter langen Luftschlauch nach au\u00dfen. Das Kondenswasser wird in einem internen 20-Liter-Wassertank gesammelt, der manuell entleert oder \u00fcber eine Gardena-Kupplung automatisch abgeleitet werden kann.<\/span><span data-ccp-props=\"{&quot;134233117&quot;:false,&quot;134233118&quot;:false,&quot;201341983&quot;:0,&quot;335559738&quot;:240,&quot;335559739&quot;:240,&quot;335559740&quot;:279}\">\u00a0<\/span><\/p>","protected":false},"excerpt":{"rendered":"<p>De spot cooler AC 7.0 heeft een koelvermogen van 7.1 kW en is ideaal voor het koelen van ruimtes tot 250 m\u00b3, zoals serverruimtes, industri\u00eble apparatuur en werkplaatsen. Dankzij de 230V-stekker is de unit flexibel inzetbaar op verschillende locaties. Met twee ventilatorinstellingen, die luchtdebieten van 800 m\u00b3\/h en 1020 m\u00b3\/h bieden, kunt u eenvoudig de [&hellip;]<\/p>\n","protected":false},"featured_media":4603,"template":"","meta":{"_acf_changed":false},"characteristic":[],"producttype":[32],"product_brand":[],"product_cat":[23],"product_tag":[],"class_list":{"0":"post-2211","1":"product","2":"type-product","3":"status-publish","4":"has-post-thumbnail","6":"producttype-verhuur","7":"product_cat-mobiele-airco","9":"first","10":"instock","11":"product-type-simple"},"acf":[],"_links":{"self":[{"href":"https:\/\/delta-temp.com\/de_de\/wp-json\/wp\/v2\/product\/2211","targetHints":{"allow":["GET"]}}],"collection":[{"href":"https:\/\/delta-temp.com\/de_de\/wp-json\/wp\/v2\/product"}],"about":[{"href":"https:\/\/delta-temp.com\/de_de\/wp-json\/wp\/v2\/types\/product"}],"wp:featuredmedia":[{"embeddable":true,"href":"https:\/\/delta-temp.com\/de_de\/wp-json\/wp\/v2\/media\/4603"}],"wp:attachment":[{"href":"https:\/\/delta-temp.com\/de_de\/wp-json\/wp\/v2\/media?parent=2211"}],"wp:term":[{"taxonomy":"characteristic","embeddable":true,"href":"https:\/\/delta-temp.com\/de_de\/wp-json\/wp\/v2\/characteristic?post=2211"},{"taxonomy":"producttype","embeddable":true,"href":"https:\/\/delta-temp.com\/de_de\/wp-json\/wp\/v2\/producttype?post=2211"},{"taxonomy":"product_brand","embeddable":true,"href":"https:\/\/delta-temp.com\/de_de\/wp-json\/wp\/v2\/product_brand?post=2211"},{"taxonomy":"product_cat","embeddable":true,"href":"https:\/\/delta-temp.com\/de_de\/wp-json\/wp\/v2\/product_cat?post=2211"},{"taxonomy":"product_tag","embeddable":true,"href":"https:\/\/delta-temp.com\/de_de\/wp-json\/wp\/v2\/product_tag?post=2211"}],"curies":[{"name":"wp","href":"https:\/\/api.w.org\/{rel}","templated":true}]}}