{"id":2210,"date":"2024-10-14T12:04:06","date_gmt":"2024-10-14T10:04:06","guid":{"rendered":"https:\/\/deltatemp.digitalleader.dev\/product\/niet-gecategoriseerd\/mobiele-split-airco-ac-6-7-kw\/"},"modified":"2025-06-24T15:49:06","modified_gmt":"2025-06-24T13:49:06","slug":"mobiles-klima-splitgerat-ac-6-7-kw","status":"publish","type":"product","link":"https:\/\/delta-temp.com\/de_de\/produkt\/mobiles-klima-splitgerat-ac-6-7-kw\/","title":{"rendered":"Mobile Split-Klimaanlage AC 6,7 kW"},"content":{"rendered":"<p class=\"translation-block\">Die Split-Klimaanlage AC 6.7 kW ist schnell einsatzbereit (230 Volt), einfach selbst zu installieren und leicht an den gew\u00fcnschten Ort zu transportieren. Dieses mobile Split-Klimager\u00e4t ist im Sommer das meistgemietete Modell, um B\u00fcros, Gesch\u00e4ftsr\u00e4ume, Gastronomiebetriebe, Serverr\u00e4ume usw. zus\u00e4tzlich zu k\u00fchlen.<\/p>\n<p>Die Split-Klimaanlage AC 6.7 kW hat einen Luftdurchsatz von 1500 m\u00b3\/h und kann R\u00e4ume bis zu 100 m\u00b2 k\u00fchlen. Die wassergek\u00fchlte Klimaanlage ist \u00e4u\u00dferst umweltfreundlich und zudem fl\u00fcsterleise mit einem Ger\u00e4uschpegel von maximal 50 dB in 3 Metern Entfernung.<\/p>\n<p>Die Split-Klimaanlage besteht aus einer Innen- und einer Au\u00dfeneinheit. Die Au\u00dfeneinheit, die W\u00e4rme und Kondenswasser ableitet, kann auf dem Dach, an einer Au\u00dfenwand oder auf dem Boden platziert werden. Die Inneneinheit wird im zu k\u00fchlenden Raum aufgestellt und ist \u00fcber einen flexiblen Schlauchsatz von 5m, 10m oder 20m mit der Au\u00dfeneinheit verbunden. Die Split-Klimaanlage bietet drei L\u00fcftungsstufen mit einer maximalen Kapazit\u00e4t von 1500 m\u00b3\/h und kann bis auf 10\u00b0C k\u00fchlen.<\/p>","protected":false},"excerpt":{"rendered":"<p>De split airco AC 6.7 kW is snel inzetbaar (230 volt) en eenvoudig zelf te installeren en makkelijk te verplaatsen naar de gewenste locatie.\u00a0Deze mobiele split-airconditioner is tijdens de zomer het meest verhuurde model om kantoren, winkelruimtes, horeca-zaken, serverrooms, &#8230; van extra koeling te zien. De split airco AC 6.7 kW is beschikt over een [&hellip;]<\/p>\n","protected":false},"featured_media":4584,"template":"","meta":{"_acf_changed":false},"characteristic":[],"producttype":[32],"product_brand":[],"product_cat":[23],"product_tag":[],"class_list":{"0":"post-2210","1":"product","2":"type-product","3":"status-publish","4":"has-post-thumbnail","6":"producttype-verhuur","7":"product_cat-mobiele-airco","9":"first","10":"instock","11":"product-type-simple"},"acf":[],"_links":{"self":[{"href":"https:\/\/delta-temp.com\/de_de\/wp-json\/wp\/v2\/product\/2210","targetHints":{"allow":["GET"]}}],"collection":[{"href":"https:\/\/delta-temp.com\/de_de\/wp-json\/wp\/v2\/product"}],"about":[{"href":"https:\/\/delta-temp.com\/de_de\/wp-json\/wp\/v2\/types\/product"}],"wp:featuredmedia":[{"embeddable":true,"href":"https:\/\/delta-temp.com\/de_de\/wp-json\/wp\/v2\/media\/4584"}],"wp:attachment":[{"href":"https:\/\/delta-temp.com\/de_de\/wp-json\/wp\/v2\/media?parent=2210"}],"wp:term":[{"taxonomy":"characteristic","embeddable":true,"href":"https:\/\/delta-temp.com\/de_de\/wp-json\/wp\/v2\/characteristic?post=2210"},{"taxonomy":"producttype","embeddable":true,"href":"https:\/\/delta-temp.com\/de_de\/wp-json\/wp\/v2\/producttype?post=2210"},{"taxonomy":"product_brand","embeddable":true,"href":"https:\/\/delta-temp.com\/de_de\/wp-json\/wp\/v2\/product_brand?post=2210"},{"taxonomy":"product_cat","embeddable":true,"href":"https:\/\/delta-temp.com\/de_de\/wp-json\/wp\/v2\/product_cat?post=2210"},{"taxonomy":"product_tag","embeddable":true,"href":"https:\/\/delta-temp.com\/de_de\/wp-json\/wp\/v2\/product_tag?post=2210"}],"curies":[{"name":"wp","href":"https:\/\/api.w.org\/{rel}","templated":true}]}}