{"id":2208,"date":"2024-10-14T12:04:06","date_gmt":"2024-10-14T10:04:06","guid":{"rendered":"https:\/\/deltatemp.digitalleader.dev\/product\/niet-gecategoriseerd\/airhandler-500\/"},"modified":"2025-06-24T15:34:37","modified_gmt":"2025-06-24T13:34:37","slug":"luftungsgerat-500","status":"publish","type":"product","link":"https:\/\/delta-temp.com\/de_de\/produkt\/luftungsgerat-500\/","title":{"rendered":"L\u00fcftungsger\u00e4t 500"},"content":{"rendered":"<p><span data-contrast=\"auto\">Das AHU 500 ist ein leistungsstarkes, stufenlos regelbares L\u00fcftungsger\u00e4t mit einem Au\u00dfendruck von 500 Pa und einer maximalen Luftmenge von 50.000 m\u00b3\/h. Das RLT-Ger\u00e4t ist sowohl f\u00fcr Au\u00dfen- als auch f\u00fcr Umluft geeignet und verf\u00fcgt \u00fcber 500-mm-Anschl\u00fcsse f\u00fcr Luftschl\u00e4uche. Dank der Blindabdeckungen im Ansaugbereich kann der Frischluftanteil leicht an Ihre Bed\u00fcrfnisse angepasst werden. <\/span><span data-ccp-props=\"{&quot;134233117&quot;:true,&quot;134233118&quot;:true,&quot;201341983&quot;:0,&quot;335559740&quot;:279}\">\u00a0<\/span><\/p>\n<p><span data-contrast=\"auto\">In Kombination mit Kaltwassermaschinen oder mobilen Heizungen bietet die AHU 500 Einheit effiziente K\u00fchlung oder Heizung f\u00fcr Industriehallen, Zelte und Lagerr\u00e4ume. Bei niedrigen Temperaturen kann die Einheit auch als Trockenk\u00fchler, Free-Cooling-Einheit oder energieeffizienter Vork\u00fchler dienen.<\/span><span data-ccp-props=\"{&quot;134233117&quot;:false,&quot;134233118&quot;:false,&quot;201341983&quot;:0,&quot;335559738&quot;:240,&quot;335559739&quot;:240,&quot;335559740&quot;:279}\">\u00a0<\/span><\/p>","protected":false},"excerpt":{"rendered":"<p>De AHU 500 is een krachtige, traploos instelbaar luchtbehandelingskast met een externe druk van 500 Pa en een maximaal luchtvolume van 50.000 m\u00b3\/h. De airhandling unit is geschikt voor zowel verse lucht als recirculatielucht en heeft 500 mm aansluitingen voor luchtslangen. Dankzij de blinde afdekkingen in het inlaatgedeelte kan het aandeel verse lucht eenvoudig worden [&hellip;]<\/p>\n","protected":false},"featured_media":2609,"template":"","meta":{"_acf_changed":false},"characteristic":[],"producttype":[],"product_brand":[],"product_cat":[25],"product_tag":[],"class_list":{"0":"post-2208","1":"product","2":"type-product","3":"status-publish","4":"has-post-thumbnail","6":"product_cat-luchtbehandeling","8":"first","9":"instock","10":"product-type-simple"},"acf":[],"_links":{"self":[{"href":"https:\/\/delta-temp.com\/de_de\/wp-json\/wp\/v2\/product\/2208","targetHints":{"allow":["GET"]}}],"collection":[{"href":"https:\/\/delta-temp.com\/de_de\/wp-json\/wp\/v2\/product"}],"about":[{"href":"https:\/\/delta-temp.com\/de_de\/wp-json\/wp\/v2\/types\/product"}],"wp:featuredmedia":[{"embeddable":true,"href":"https:\/\/delta-temp.com\/de_de\/wp-json\/wp\/v2\/media\/2609"}],"wp:attachment":[{"href":"https:\/\/delta-temp.com\/de_de\/wp-json\/wp\/v2\/media?parent=2208"}],"wp:term":[{"taxonomy":"characteristic","embeddable":true,"href":"https:\/\/delta-temp.com\/de_de\/wp-json\/wp\/v2\/characteristic?post=2208"},{"taxonomy":"producttype","embeddable":true,"href":"https:\/\/delta-temp.com\/de_de\/wp-json\/wp\/v2\/producttype?post=2208"},{"taxonomy":"product_brand","embeddable":true,"href":"https:\/\/delta-temp.com\/de_de\/wp-json\/wp\/v2\/product_brand?post=2208"},{"taxonomy":"product_cat","embeddable":true,"href":"https:\/\/delta-temp.com\/de_de\/wp-json\/wp\/v2\/product_cat?post=2208"},{"taxonomy":"product_tag","embeddable":true,"href":"https:\/\/delta-temp.com\/de_de\/wp-json\/wp\/v2\/product_tag?post=2208"}],"curies":[{"name":"wp","href":"https:\/\/api.w.org\/{rel}","templated":true}]}}