{"id":2207,"date":"2024-10-14T12:04:06","date_gmt":"2024-10-14T10:04:06","guid":{"rendered":"https:\/\/deltatemp.digitalleader.dev\/product\/niet-gecategoriseerd\/airhandler-200-evo\/"},"modified":"2025-06-24T15:31:39","modified_gmt":"2025-06-24T13:31:39","slug":"luftbehandlungsgerat-200-evo","status":"publish","type":"product","link":"https:\/\/delta-temp.com\/de_de\/produkt\/luftbehandlungsgerat-200-evo\/","title":{"rendered":"Luftbehandlungsger\u00e4t 200 EVO"},"content":{"rendered":"<p>Diese mobile Airhandling-Unit mit einer K\u00fchlkapazit\u00e4t von 200 kW wurde in Zusammenarbeit mit unseren Produktmanagern und K\u00e4ltetechnikern entwickelt und entworfen. Der leistungsstarke Ventilator liefert einen Luftdurchsatz von 25.000 m\u00b3\/h, wobei die Luft mit einem Luftdruck von beeindruckenden 700 Pa ausgeblasen wird! Dadurch hat dieser Airhandler eine \u00fcberdurchschnittlich weite Luftwurfweite.<\/p>\n<p>Der AHU 200 EVO verf\u00fcgt sowohl an der Vorder- als auch an der R\u00fcckseite \u00fcber 4 Luft\u00f6ffnungen f\u00fcr die Ansaug- und Ausblasluft. Auf der Ansaugseite befinden sich G4-Filterpanels, die das Ger\u00e4t vor Schmutz sch\u00fctzen und gleichzeitig die Luft von Staubpartikeln, Sand und Insekten filtern.<\/p>\n<p>Dieser Airhandler kann in Kombination mit einem Chiller, wie dem DT 200 EVO, zur K\u00fchlung gr\u00f6\u00dferer Produktionsr\u00e4ume, Lagerhallen, Fabrikhallen, Veranstaltungshallen usw. eingesetzt werden. <span class=\"TextRun SCXW43380462 BCX8\" lang=\"NL-BE\" xml:lang=\"NL-BE\" data-contrast=\"auto\"><span class=\"NormalTextRun SCXW43380462 BCX8\">Unter den richtigen Bedingungen k\u00f6nnen Sie die Einheit auch f\u00fcr Free- cooling nutzen<\/span><span class=\"NormalTextRun SpellingErrorV2Themed SCXW43380462 BCX8\">K\u00fchlung<\/span><span class=\"NormalTextRun SCXW43380462 BCX8\">.<\/span><\/span><span class=\"EOP SCXW43380462 BCX8\" data-ccp-props=\"{&quot;134233117&quot;:false,&quot;134233118&quot;:false,&quot;201341983&quot;:0,&quot;335559738&quot;:240,&quot;335559739&quot;:240,&quot;335559740&quot;:279}\">\u00a0<\/span><\/p>","protected":false},"excerpt":{"rendered":"<p>Deze mobiele airhandling unit met een koelvermogen van 200 kW werd ontwikkeld en ontworpen in samenwerking met onze product managers en koeltechnici. De krachtige ventilator levert een luchtdebiet van 25.000 m\u00b3\/h waarbij de lucht met een luchtdruk van maar liefst 700 Pa wordt uitgeblazen! Hierdoor heeft deze airhandler een luchtworp die verder is dan gemiddeld. [&hellip;]<\/p>\n","protected":false},"featured_media":2442,"template":"","meta":{"_acf_changed":false},"characteristic":[],"producttype":[32],"product_brand":[],"product_cat":[25],"product_tag":[],"class_list":{"0":"post-2207","1":"product","2":"type-product","3":"status-publish","4":"has-post-thumbnail","6":"producttype-verhuur","7":"product_cat-luchtbehandeling","9":"first","10":"instock","11":"product-type-simple"},"acf":[],"_links":{"self":[{"href":"https:\/\/delta-temp.com\/de_de\/wp-json\/wp\/v2\/product\/2207","targetHints":{"allow":["GET"]}}],"collection":[{"href":"https:\/\/delta-temp.com\/de_de\/wp-json\/wp\/v2\/product"}],"about":[{"href":"https:\/\/delta-temp.com\/de_de\/wp-json\/wp\/v2\/types\/product"}],"wp:featuredmedia":[{"embeddable":true,"href":"https:\/\/delta-temp.com\/de_de\/wp-json\/wp\/v2\/media\/2442"}],"wp:attachment":[{"href":"https:\/\/delta-temp.com\/de_de\/wp-json\/wp\/v2\/media?parent=2207"}],"wp:term":[{"taxonomy":"characteristic","embeddable":true,"href":"https:\/\/delta-temp.com\/de_de\/wp-json\/wp\/v2\/characteristic?post=2207"},{"taxonomy":"producttype","embeddable":true,"href":"https:\/\/delta-temp.com\/de_de\/wp-json\/wp\/v2\/producttype?post=2207"},{"taxonomy":"product_brand","embeddable":true,"href":"https:\/\/delta-temp.com\/de_de\/wp-json\/wp\/v2\/product_brand?post=2207"},{"taxonomy":"product_cat","embeddable":true,"href":"https:\/\/delta-temp.com\/de_de\/wp-json\/wp\/v2\/product_cat?post=2207"},{"taxonomy":"product_tag","embeddable":true,"href":"https:\/\/delta-temp.com\/de_de\/wp-json\/wp\/v2\/product_tag?post=2207"}],"curies":[{"name":"wp","href":"https:\/\/api.w.org\/{rel}","templated":true}]}}