{"id":2205,"date":"2024-10-14T12:04:06","date_gmt":"2024-10-14T10:04:06","guid":{"rendered":"https:\/\/deltatemp.digitalleader.dev\/product\/niet-gecategoriseerd\/airhandler-175\/"},"modified":"2025-06-24T15:02:45","modified_gmt":"2025-06-24T13:02:45","slug":"luftbehandlungsgerat-175","status":"publish","type":"product","link":"https:\/\/delta-temp.com\/de_de\/produkt\/luftbehandlungsgerat-175\/","title":{"rendered":"L\u00fcftungsger\u00e4t 175"},"content":{"rendered":"<p class=\"translation-block\">Die mobile Luftbehandlungseinheit AHU 175 ist vielseitig einsetzbar und dank des Aluminiumgeh\u00e4uses besonders f\u00fcr den Au\u00dfeneinsatz geeignet. Mit einem maximalen Luftdurchsatz von 20.000 m\u00b3\/h und einem externen Druck von 491 Pascal sorgt sie f\u00fcr perfekte Bel\u00fcftung und frische Luft. Diese Einheiten sind vielseitig und k\u00f6nnen in Kombination mit mobilen K\u00fchlger\u00e4ten (wie dem DT 155 und DT 300) f\u00fcr die Klimatisierung eingesetzt werden.<\/p>\n<p><span data-contrast=\"auto\">Dar\u00fcber hinaus sind die AHU 175 Einheiten auch zum Heizen von R\u00e4umen geeignet, wenn sie mit einem mobilen Heizkessel oder Fernw\u00e4rme kombiniert werden. Ideal also f\u00fcr das Heizen und K\u00fchlen von Hallen, Zelten und Geb\u00e4udekomplexen. Bei niedrigen Umgebungstemperaturen k\u00f6nnen diese Einheiten zudem als mobile Trockenk\u00fchler oder Free-Cooling-Systeme fungieren, was durch die Vork\u00fchlung zur Energieeinsparung beitr\u00e4gt.<\/span><span data-ccp-props=\"{&quot;134233117&quot;:true,&quot;134233118&quot;:true,&quot;201341983&quot;:0,&quot;335559740&quot;:279}\">\u00a0<\/span><\/p>","protected":false},"excerpt":{"rendered":"<p>De mobiele luchtbehandelingsunit AHU 175 is veelzijdig en is dankzij de aluminium behuizing bijzonder geschikt voor buitenopstelling. Met een maximaal luchtdebiet van 20.000 m\u00b3\/h\u00a0en een externe druk van 491 Pascal zorgt het voor perfecte ventilatie en frisse lucht. Deze units zijn veelzijdig en kunnen in combinatie met mobiele koelmachines (zoals de DT 155 en DT [&hellip;]<\/p>\n","protected":false},"featured_media":2504,"template":"","meta":{"_acf_changed":false},"characteristic":[],"producttype":[32],"product_brand":[],"product_cat":[25],"product_tag":[],"class_list":{"0":"post-2205","1":"product","2":"type-product","3":"status-publish","4":"has-post-thumbnail","6":"producttype-verhuur","7":"product_cat-luchtbehandeling","9":"first","10":"instock","11":"product-type-simple"},"acf":[],"_links":{"self":[{"href":"https:\/\/delta-temp.com\/de_de\/wp-json\/wp\/v2\/product\/2205","targetHints":{"allow":["GET"]}}],"collection":[{"href":"https:\/\/delta-temp.com\/de_de\/wp-json\/wp\/v2\/product"}],"about":[{"href":"https:\/\/delta-temp.com\/de_de\/wp-json\/wp\/v2\/types\/product"}],"wp:featuredmedia":[{"embeddable":true,"href":"https:\/\/delta-temp.com\/de_de\/wp-json\/wp\/v2\/media\/2504"}],"wp:attachment":[{"href":"https:\/\/delta-temp.com\/de_de\/wp-json\/wp\/v2\/media?parent=2205"}],"wp:term":[{"taxonomy":"characteristic","embeddable":true,"href":"https:\/\/delta-temp.com\/de_de\/wp-json\/wp\/v2\/characteristic?post=2205"},{"taxonomy":"producttype","embeddable":true,"href":"https:\/\/delta-temp.com\/de_de\/wp-json\/wp\/v2\/producttype?post=2205"},{"taxonomy":"product_brand","embeddable":true,"href":"https:\/\/delta-temp.com\/de_de\/wp-json\/wp\/v2\/product_brand?post=2205"},{"taxonomy":"product_cat","embeddable":true,"href":"https:\/\/delta-temp.com\/de_de\/wp-json\/wp\/v2\/product_cat?post=2205"},{"taxonomy":"product_tag","embeddable":true,"href":"https:\/\/delta-temp.com\/de_de\/wp-json\/wp\/v2\/product_tag?post=2205"}],"curies":[{"name":"wp","href":"https:\/\/api.w.org\/{rel}","templated":true}]}}