{"id":2203,"date":"2024-10-14T12:04:06","date_gmt":"2024-10-14T10:04:06","guid":{"rendered":"https:\/\/deltatemp.digitalleader.dev\/product\/niet-gecategoriseerd\/airhandler-100-evo\/"},"modified":"2025-06-24T14:26:38","modified_gmt":"2025-06-24T12:26:38","slug":"luftbehandlungsgerat-100-evo","status":"publish","type":"product","link":"https:\/\/delta-temp.com\/de_de\/produkt\/luftbehandlungsgerat-100-evo\/","title":{"rendered":"L\u00fcftungsger\u00e4t 100 EVO"},"content":{"rendered":"<p><span data-contrast=\"auto\">Der AHU100 EVO ist der zweitst\u00e4rkste Airhandler in unserer EVO-Serie. Mit einer K\u00fchlleistung von 100 kW, einem Luftdurchsatz von 10.000 m\u00b3\/h und einem Luftdruck von 500 Pa bietet diese Einheit hervorragende Leistung f\u00fcr mittelgro\u00dfe R\u00e4ume.<\/span><span data-ccp-props=\"{&quot;134233117&quot;:true,&quot;134233118&quot;:true,&quot;201341983&quot;:0,&quot;335559740&quot;:279}\">\u00a0<\/span><\/p>\n<p><span data-contrast=\"auto\">Der AHU100 EVO verf\u00fcgt \u00fcber zwei 500 mm Luft\u00f6ffnungen an der Vorder- und R\u00fcckseite f\u00fcr Ansaugung und Ausblasung. Die Wasseranschl\u00fcsse sind mit 2\u201d Bauerkupplungen ausgestattet, was einfache und schnelle Verbindungen erm\u00f6glicht. F\u00fcr eine vollst\u00e4ndige Klimatisierungsl\u00f6sung kann der AHU100 EVO mit den Chillern DT 60 EVO oder DT 100 EVO kombiniert werden. Zusammen bilden sie ein leistungsstarkes Duo f\u00fcr die K\u00fchlung und Klimatisierung Ihrer R\u00e4ume.<\/span><span data-ccp-props=\"{&quot;134233117&quot;:false,&quot;134233118&quot;:false,&quot;201341983&quot;:0,&quot;335559738&quot;:240,&quot;335559739&quot;:240,&quot;335559740&quot;:279}\">\u00a0<\/span><\/p>","protected":false},"excerpt":{"rendered":"<p>De AHU100 EVO is de op \u00e9\u00e9n na krachtigste airhandler in onze EVO-serie. Met een koelvermogen van 100 kW, een luchtdebiet van 10.000 m\u00b3\/h, en een luchtdruk van 500 Pa, biedt deze unit uitstekende prestaties voor middelgrote ruimtes.\u00a0 De AHU100 EVO beschikt over twee 500 mm luchtopeningen aan zowel de voor- als achterkant voor aanzuig [&hellip;]<\/p>\n","protected":false},"featured_media":2435,"template":"","meta":{"_acf_changed":false},"characteristic":[],"producttype":[32],"product_brand":[],"product_cat":[25],"product_tag":[],"class_list":{"0":"post-2203","1":"product","2":"type-product","3":"status-publish","4":"has-post-thumbnail","6":"producttype-verhuur","7":"product_cat-luchtbehandeling","9":"first","10":"instock","11":"product-type-simple"},"acf":[],"_links":{"self":[{"href":"https:\/\/delta-temp.com\/de_de\/wp-json\/wp\/v2\/product\/2203","targetHints":{"allow":["GET"]}}],"collection":[{"href":"https:\/\/delta-temp.com\/de_de\/wp-json\/wp\/v2\/product"}],"about":[{"href":"https:\/\/delta-temp.com\/de_de\/wp-json\/wp\/v2\/types\/product"}],"wp:featuredmedia":[{"embeddable":true,"href":"https:\/\/delta-temp.com\/de_de\/wp-json\/wp\/v2\/media\/2435"}],"wp:attachment":[{"href":"https:\/\/delta-temp.com\/de_de\/wp-json\/wp\/v2\/media?parent=2203"}],"wp:term":[{"taxonomy":"characteristic","embeddable":true,"href":"https:\/\/delta-temp.com\/de_de\/wp-json\/wp\/v2\/characteristic?post=2203"},{"taxonomy":"producttype","embeddable":true,"href":"https:\/\/delta-temp.com\/de_de\/wp-json\/wp\/v2\/producttype?post=2203"},{"taxonomy":"product_brand","embeddable":true,"href":"https:\/\/delta-temp.com\/de_de\/wp-json\/wp\/v2\/product_brand?post=2203"},{"taxonomy":"product_cat","embeddable":true,"href":"https:\/\/delta-temp.com\/de_de\/wp-json\/wp\/v2\/product_cat?post=2203"},{"taxonomy":"product_tag","embeddable":true,"href":"https:\/\/delta-temp.com\/de_de\/wp-json\/wp\/v2\/product_tag?post=2203"}],"curies":[{"name":"wp","href":"https:\/\/api.w.org\/{rel}","templated":true}]}}