{"id":2202,"date":"2024-10-14T12:04:06","date_gmt":"2024-10-14T10:04:06","guid":{"rendered":"https:\/\/deltatemp.digitalleader.dev\/product\/niet-gecategoriseerd\/airhandler-50-evo\/"},"modified":"2025-06-24T14:11:45","modified_gmt":"2025-06-24T12:11:45","slug":"luftungsgerat-50-evo","status":"publish","type":"product","link":"https:\/\/delta-temp.com\/de_de\/produkt\/luftungsgerat-50-evo\/","title":{"rendered":"Luftbehandlungsger\u00e4t 50 EVO"},"content":{"rendered":"<p>Der AHU 50 EVO ist ein mobiler Luftbehandlungsger\u00e4t mit einer <strong>K\u00fchlkapazit\u00e4t von 52,7 kW<\/strong>. Die Luft wird am unteren Teil des Ger\u00e4ts angesaugt. <strong>Die G4-Filterpanels auf der Ansaugseite halten das Ger\u00e4t frei von Staub, Sand und Insekten<\/strong>.<\/p>\n<p>Bei der Innenaufstellung k\u00f6nnen Sie w\u00e4hlen, ob die Luft \u00fcber das Bel\u00fcftungsgitter in der Oberbox ausgeblasen wird. Wenn das Ger\u00e4t im Freien aufgestellt ist, wird die Oberbox durch einen Luftschlauch ersetzt, der die behandelte Luft in den Raum bl\u00e4st. Weiterhin liefert dieser Airhandler einen Luftdurchsatz von 5500 m\u00b3\/h bei einem Druck von 150 Pa. Die Wasseranschl\u00fcsse bestehen aus 2\"-Bauer-Kupplungen.<\/p>\n<p>Der AHU 50 EVO ist ein vielseitiges Ger\u00e4t, das sowohl drinnen als auch drau\u00dfen aufgestellt werden kann und somit frische Au\u00dfenluft zuf\u00fchren kann. Ideal zur Bel\u00fcftung und Klimatisierung von Produktionsr\u00e4umen, Werkst\u00e4tten, \u00f6ffentlichen Geb\u00e4uden, Veranstaltungen und sogar Diskotheken!<\/p>","protected":false},"excerpt":{"rendered":"<p>De AHU 50 EVO is een mobiele luchtbehandelingskast met een koelvermogen van 52,7 kW. De lucht wordt onderaan het toestel aangezogen. De G4-filterpanelen aan de aanzuigzijde houden het toestel vrij van stof, zand en insecten. Bij binnenopstelling kan u ervoor kiezen om de lucht via het ventilatierooster in de topbox uit te blazen. Wanneer het [&hellip;]<\/p>\n","protected":false},"featured_media":2433,"template":"","meta":{"_acf_changed":false},"characteristic":[],"producttype":[32],"product_brand":[],"product_cat":[25],"product_tag":[],"class_list":{"0":"post-2202","1":"product","2":"type-product","3":"status-publish","4":"has-post-thumbnail","6":"producttype-verhuur","7":"product_cat-luchtbehandeling","9":"first","10":"instock","11":"product-type-simple"},"acf":[],"_links":{"self":[{"href":"https:\/\/delta-temp.com\/de_de\/wp-json\/wp\/v2\/product\/2202","targetHints":{"allow":["GET"]}}],"collection":[{"href":"https:\/\/delta-temp.com\/de_de\/wp-json\/wp\/v2\/product"}],"about":[{"href":"https:\/\/delta-temp.com\/de_de\/wp-json\/wp\/v2\/types\/product"}],"wp:featuredmedia":[{"embeddable":true,"href":"https:\/\/delta-temp.com\/de_de\/wp-json\/wp\/v2\/media\/2433"}],"wp:attachment":[{"href":"https:\/\/delta-temp.com\/de_de\/wp-json\/wp\/v2\/media?parent=2202"}],"wp:term":[{"taxonomy":"characteristic","embeddable":true,"href":"https:\/\/delta-temp.com\/de_de\/wp-json\/wp\/v2\/characteristic?post=2202"},{"taxonomy":"producttype","embeddable":true,"href":"https:\/\/delta-temp.com\/de_de\/wp-json\/wp\/v2\/producttype?post=2202"},{"taxonomy":"product_brand","embeddable":true,"href":"https:\/\/delta-temp.com\/de_de\/wp-json\/wp\/v2\/product_brand?post=2202"},{"taxonomy":"product_cat","embeddable":true,"href":"https:\/\/delta-temp.com\/de_de\/wp-json\/wp\/v2\/product_cat?post=2202"},{"taxonomy":"product_tag","embeddable":true,"href":"https:\/\/delta-temp.com\/de_de\/wp-json\/wp\/v2\/product_tag?post=2202"}],"curies":[{"name":"wp","href":"https:\/\/api.w.org\/{rel}","templated":true}]}}