{"id":2200,"date":"2024-10-14T12:04:06","date_gmt":"2024-10-14T10:04:06","guid":{"rendered":"https:\/\/deltatemp.digitalleader.dev\/product\/niet-gecategoriseerd\/airhandler-30-evo\/"},"modified":"2025-06-24T14:05:28","modified_gmt":"2025-06-24T12:05:28","slug":"luftungsgerat-30-evo","status":"publish","type":"product","link":"https:\/\/delta-temp.com\/de_de\/produkt\/luftungsgerat-30-evo\/","title":{"rendered":"L\u00fcftungsger\u00e4t 30 EVO"},"content":{"rendered":"<p>Der AHU 30 EVO ist der gro\u00dfe Bruder des AHU 20 EVO. Diese Luftbehandlungseinheit kann an einen Chiller angeschlossen werden und liefert eine K\u00fchlleistung von 32 kW bei einer Wassertemperatur von 7\/12 \u00b0C und einer Umgebungstemperatur von 28 \u00b0C. In Kombination mit einem mobilen Heizkessel liefert sie eine Heizleistung von 50 kW.<\/p>\n<p>Der AHU 30 EVO hat einen maximalen <strong>Luftdurchsatz von 3600 m\u00b3\/h<\/strong>\u00a0Der AHU 30 EVO hat einen maximalen Luftdurchsatz von 3600 m\u00b3\/h und eine Luftwurfweite von 18 Metern. Dank der schwenkbaren Lamellen am Ausblasgitter kann die Richtung des Luftstroms besser ausgerichtet oder verteilt werden. Dank der robusten R\u00e4der an der Unterseite kann das Ger\u00e4t leicht an den gew\u00fcnschten Ort gebracht werden.<\/p>\n<p>Je nach den Bedingungen kann dieses Ger\u00e4t R\u00e4ume von ca. 200 m\u00b2 k\u00fchlen oder heizen. Durch das dezente Erscheinungsbild kann diese Luftbehandlungseinheit unauff\u00e4llig in B\u00fcror\u00e4ume, Serverr\u00e4ume, Krankenh\u00e4user, Pflegeheime, Messen und Veranstaltungen integriert werden.<\/p>","protected":false},"excerpt":{"rendered":"<p>De AHU 30 EVO is de grote broer van de AHU 20 EVO. Deze airhandler kan aangesloten worden op een chiller en levert een koelvermogen van 32kW bij 7\/12 \u00b0C watertemperatuur en 28 \u00b0C omgevingstemperatuur. In combinatie met een mobiele boiler levert hij een warmtecapaciteit van 50 kW. De AHU 30 EVO heeft een maximaal [&hellip;]<\/p>\n","protected":false},"featured_media":2425,"template":"","meta":{"_acf_changed":false},"characteristic":[],"producttype":[32],"product_brand":[],"product_cat":[25],"product_tag":[],"class_list":{"0":"post-2200","1":"product","2":"type-product","3":"status-publish","4":"has-post-thumbnail","6":"producttype-verhuur","7":"product_cat-luchtbehandeling","9":"first","10":"instock","11":"product-type-simple"},"acf":[],"_links":{"self":[{"href":"https:\/\/delta-temp.com\/de_de\/wp-json\/wp\/v2\/product\/2200","targetHints":{"allow":["GET"]}}],"collection":[{"href":"https:\/\/delta-temp.com\/de_de\/wp-json\/wp\/v2\/product"}],"about":[{"href":"https:\/\/delta-temp.com\/de_de\/wp-json\/wp\/v2\/types\/product"}],"wp:featuredmedia":[{"embeddable":true,"href":"https:\/\/delta-temp.com\/de_de\/wp-json\/wp\/v2\/media\/2425"}],"wp:attachment":[{"href":"https:\/\/delta-temp.com\/de_de\/wp-json\/wp\/v2\/media?parent=2200"}],"wp:term":[{"taxonomy":"characteristic","embeddable":true,"href":"https:\/\/delta-temp.com\/de_de\/wp-json\/wp\/v2\/characteristic?post=2200"},{"taxonomy":"producttype","embeddable":true,"href":"https:\/\/delta-temp.com\/de_de\/wp-json\/wp\/v2\/producttype?post=2200"},{"taxonomy":"product_brand","embeddable":true,"href":"https:\/\/delta-temp.com\/de_de\/wp-json\/wp\/v2\/product_brand?post=2200"},{"taxonomy":"product_cat","embeddable":true,"href":"https:\/\/delta-temp.com\/de_de\/wp-json\/wp\/v2\/product_cat?post=2200"},{"taxonomy":"product_tag","embeddable":true,"href":"https:\/\/delta-temp.com\/de_de\/wp-json\/wp\/v2\/product_tag?post=2200"}],"curies":[{"name":"wp","href":"https:\/\/api.w.org\/{rel}","templated":true}]}}