{"id":2199,"date":"2024-10-14T12:04:06","date_gmt":"2024-10-14T10:04:06","guid":{"rendered":"https:\/\/deltatemp.digitalleader.dev\/product\/niet-gecategoriseerd\/airhandler-20-evo\/"},"modified":"2025-06-24T14:04:59","modified_gmt":"2025-06-24T12:04:59","slug":"luftbehandlungsgerat-20-evo","status":"publish","type":"product","link":"https:\/\/delta-temp.com\/de_de\/produkt\/luftbehandlungsgerat-20-evo\/","title":{"rendered":"Luftbehandlungsger\u00e4t 20 EVO"},"content":{"rendered":"<p>Der AHU 20 EVO ist ein leistungsstarker und mobiler Airhandler f\u00fcr den Innenbereich. Dieses Ger\u00e4t verf\u00fcgt \u00fcber ein robustes Chassis und Geh\u00e4use und steht auf\u00a0<strong>4 robuste Lenkrollen<\/strong>, wodurch das Luftbehandlungsger\u00e4t einfach zu installieren und zu bewegen ist.<\/p>\n<p>Dieses Luftbehandlungsger\u00e4t kann in Kombination mit einem Chiller oder Boiler entweder k\u00fchlen oder heizen. Der AHU 20 EVO verf\u00fcgt \u00fcber eine <strong>K\u00fchlkapazit\u00e4t von 20 kW<\/strong> (K\u00fchlwasser 7\/12 \u00b0C bei 27 \u00b0C) und eine Heizkapazit\u00e4t von 40 kW. Die Ausblas-temperatur kann von 10 \u00b0C bis 50 \u00b0C reichen.<\/p>\n<p>Die Zu- und Abluft f\u00fcr Wasser werden \u00fcber GEKA-Kupplungen angeschlossen. F\u00fcr die Stromversorgung stecken Sie einfach den Schuko-Stecker in die Steckdose und fertig!<\/p>\n<p>Der Airhandler verf\u00fcgt \u00fcber ein intuitives Bedienfeld. Der leise Ventilatormotor (53 dB bei 3 m) liefert eine <strong>Luftdurchsatz von maximal 2.100 m\u00b3\/h.<\/strong>\u00a0Mit einer Luftwurfweite von 18 m.<\/p>","protected":false},"excerpt":{"rendered":"<p>De AHU 20 EVO is een krachtige en mobiele airhandler voor indoor gebruik. Dit toestel heeft een stevig chassis en plaatwerk en staat op\u00a04 robuuste zwenkwielen, waardoor de luchtbehandelingskast eenvoudig te installeren en te verplaatsen is. Deze luchtbehandelingskast kan in combinatie met een chiller of boiler resp. koelen of verwarmen. De AHU 20 EVO heeft [&hellip;]<\/p>\n","protected":false},"featured_media":2417,"template":"","meta":{"_acf_changed":false},"characteristic":[],"producttype":[32],"product_brand":[],"product_cat":[25],"product_tag":[],"class_list":{"0":"post-2199","1":"product","2":"type-product","3":"status-publish","4":"has-post-thumbnail","6":"producttype-verhuur","7":"product_cat-luchtbehandeling","9":"first","10":"instock","11":"product-type-simple"},"acf":[],"_links":{"self":[{"href":"https:\/\/delta-temp.com\/de_de\/wp-json\/wp\/v2\/product\/2199","targetHints":{"allow":["GET"]}}],"collection":[{"href":"https:\/\/delta-temp.com\/de_de\/wp-json\/wp\/v2\/product"}],"about":[{"href":"https:\/\/delta-temp.com\/de_de\/wp-json\/wp\/v2\/types\/product"}],"wp:featuredmedia":[{"embeddable":true,"href":"https:\/\/delta-temp.com\/de_de\/wp-json\/wp\/v2\/media\/2417"}],"wp:attachment":[{"href":"https:\/\/delta-temp.com\/de_de\/wp-json\/wp\/v2\/media?parent=2199"}],"wp:term":[{"taxonomy":"characteristic","embeddable":true,"href":"https:\/\/delta-temp.com\/de_de\/wp-json\/wp\/v2\/characteristic?post=2199"},{"taxonomy":"producttype","embeddable":true,"href":"https:\/\/delta-temp.com\/de_de\/wp-json\/wp\/v2\/producttype?post=2199"},{"taxonomy":"product_brand","embeddable":true,"href":"https:\/\/delta-temp.com\/de_de\/wp-json\/wp\/v2\/product_brand?post=2199"},{"taxonomy":"product_cat","embeddable":true,"href":"https:\/\/delta-temp.com\/de_de\/wp-json\/wp\/v2\/product_cat?post=2199"},{"taxonomy":"product_tag","embeddable":true,"href":"https:\/\/delta-temp.com\/de_de\/wp-json\/wp\/v2\/product_tag?post=2199"}],"curies":[{"name":"wp","href":"https:\/\/api.w.org\/{rel}","templated":true}]}}