{"id":2197,"date":"2024-10-14T12:04:06","date_gmt":"2024-10-14T10:04:06","guid":{"rendered":"https:\/\/deltatemp.digitalleader.dev\/product\/niet-gecategoriseerd\/airhandler-20\/"},"modified":"2025-06-24T13:45:23","modified_gmt":"2025-06-24T11:45:23","slug":"luftbehandlungsgerat-20","status":"publish","type":"product","link":"https:\/\/delta-temp.com\/de_de\/produkt\/luftbehandlungsgerat-20\/","title":{"rendered":"L\u00fcftungsger\u00e4t 20"},"content":{"rendered":"<p>Die mobilen Luftbehandlungseinheiten AHU 20 sind ideal f\u00fcr Veranstaltungen in Zelten, Hallen oder auf Messen, bei denen das Erscheinungsbild der Maschine im Vordergrund steht. Die Luftbehandlungseinheiten eignen sich auch f\u00fcr die Klimatisierung von B\u00fcros und Serverr\u00e4umen.<\/p>\n<p>F\u00fcr den Betrieb der L\u00fcftungssysteme ist eine entsprechende Kalt- oder Warmwasserversorgung, wie eine Kaltwassermaschine, erforderlich.<\/p>\n<p>In Kombination mit einer unserer mobilen K\u00fchlmaschinen kann beispielsweise ein mobiles Klimatisierungssystem f\u00fcr ein Zelt, eine Halle oder einen Messestand eingerichtet werden. Dazu wird die AHU 20 mit einer mobilen Kaltwassermaschine verbunden, um die Innenr\u00e4ume mit Luft zu versorgen.<\/p>","protected":false},"excerpt":{"rendered":"<p>De mobiele luchtbehandelingsunits AHU 20 zijn ideaal voor evenementen in tenten, hallen of op handelsbeurzen, waar de nadruk ligt op het uitzicht van de machine. De luchtbehandelingskasten zijn ook geschikt voor airconditioning in kantoren en serverruimtes. Voor het bedienen van de ventilatiesystemen is een bijbehorende koud- of warmwatervoorziening nodig zoals een koudwatermachine. In combinatie met [&hellip;]<\/p>\n","protected":false},"featured_media":2595,"template":"","meta":{"_acf_changed":false},"characteristic":[],"producttype":[],"product_brand":[],"product_cat":[25],"product_tag":[],"class_list":{"0":"post-2197","1":"product","2":"type-product","3":"status-publish","4":"has-post-thumbnail","6":"product_cat-luchtbehandeling","8":"first","9":"instock","10":"product-type-simple"},"acf":[],"_links":{"self":[{"href":"https:\/\/delta-temp.com\/de_de\/wp-json\/wp\/v2\/product\/2197","targetHints":{"allow":["GET"]}}],"collection":[{"href":"https:\/\/delta-temp.com\/de_de\/wp-json\/wp\/v2\/product"}],"about":[{"href":"https:\/\/delta-temp.com\/de_de\/wp-json\/wp\/v2\/types\/product"}],"wp:featuredmedia":[{"embeddable":true,"href":"https:\/\/delta-temp.com\/de_de\/wp-json\/wp\/v2\/media\/2595"}],"wp:attachment":[{"href":"https:\/\/delta-temp.com\/de_de\/wp-json\/wp\/v2\/media?parent=2197"}],"wp:term":[{"taxonomy":"characteristic","embeddable":true,"href":"https:\/\/delta-temp.com\/de_de\/wp-json\/wp\/v2\/characteristic?post=2197"},{"taxonomy":"producttype","embeddable":true,"href":"https:\/\/delta-temp.com\/de_de\/wp-json\/wp\/v2\/producttype?post=2197"},{"taxonomy":"product_brand","embeddable":true,"href":"https:\/\/delta-temp.com\/de_de\/wp-json\/wp\/v2\/product_brand?post=2197"},{"taxonomy":"product_cat","embeddable":true,"href":"https:\/\/delta-temp.com\/de_de\/wp-json\/wp\/v2\/product_cat?post=2197"},{"taxonomy":"product_tag","embeddable":true,"href":"https:\/\/delta-temp.com\/de_de\/wp-json\/wp\/v2\/product_tag?post=2197"}],"curies":[{"name":"wp","href":"https:\/\/api.w.org\/{rel}","templated":true}]}}