{"id":2196,"date":"2024-10-14T12:04:06","date_gmt":"2024-10-14T10:04:06","guid":{"rendered":"https:\/\/deltatemp.digitalleader.dev\/product\/niet-gecategoriseerd\/chiller-1500kw\/"},"modified":"2025-06-24T13:43:43","modified_gmt":"2025-06-24T11:43:43","slug":"kaltwassersatze-1500kw","status":"publish","type":"product","link":"https:\/\/delta-temp.com\/de_de\/produkt\/kaltwassersatze-1500kw\/","title":{"rendered":"Kaltwassersatz 1500 kW"},"content":{"rendered":"<p>Der DT 1500 ist eine leistungsstarke mobile K\u00fchleinheit, die eine zuverl\u00e4ssige luftgek\u00fchlte L\u00f6sung sowohl f\u00fcr industrielle Prozesse als auch f\u00fcr Komfortk\u00fchlung bietet. Diese vielseitige Einheit ist f\u00fcr verschiedene Sektoren geeignet und kann Prozesstemperaturen von -8 \u00b0C bis +35 \u00b0C bew\u00e4ltigen.<\/p>\n<p>Speziell f\u00fcr den Au\u00dfeneinsatz konzipiert, verf\u00fcgt der DT 1500 \u00fcber ein IP54-Geh\u00e4use und nutzt 24 Axialventilatoren f\u00fcr eine effiziente W\u00e4rmeabfuhr. Die Einheit ist mit drei Bitzer-Schraubenkompressoren ausgestattet, die auf drei K\u00fchlkreisl\u00e4ufe verteilt sind, und verf\u00fcgt \u00fcber einen Rohrb\u00fcndelverdampfer und zwei interne Pumpen, die f\u00fcr eine zuverl\u00e4ssige K\u00fchlleistung sorgen.<\/p>\n<p>Abschlie\u00dfend ist die Einheit auf einem Anh\u00e4nger montiert, was einen schnellen und einfachen Einsatz erm\u00f6glicht. Alternativ kann die Einheit mit Hilfe von zwei mobilen Kr\u00e4nen entladen und vor Ort bewegt werden.<\/p>","protected":false},"excerpt":{"rendered":"<p>De DT 1500 is een krachtige mobiele koelunit die een betrouwbare luchtgekoelde oplossing biedt voor zowel industri\u00eble processen als voor comfortkoeling. Deze veelzijdige unit is geschikt voor diverse sectoren en kan procestemperaturen aan van -8 \u00b0C tot +35 \u00b0C. Speciaal ontworpen voor buitengebruik, beschikt de DT 1500 over een IP54-behuizing en maakt hij gebruik van [&hellip;]<\/p>\n","protected":false},"featured_media":1625,"template":"","meta":{"_acf_changed":false},"characteristic":[],"producttype":[32],"product_brand":[],"product_cat":[20,22],"product_tag":[],"class_list":{"0":"post-2196","1":"product","2":"type-product","3":"status-publish","4":"has-post-thumbnail","6":"producttype-verhuur","7":"product_cat-koeling","8":"product_cat-mobiele-chiller","10":"first","11":"instock","12":"product-type-simple"},"acf":[],"_links":{"self":[{"href":"https:\/\/delta-temp.com\/de_de\/wp-json\/wp\/v2\/product\/2196","targetHints":{"allow":["GET"]}}],"collection":[{"href":"https:\/\/delta-temp.com\/de_de\/wp-json\/wp\/v2\/product"}],"about":[{"href":"https:\/\/delta-temp.com\/de_de\/wp-json\/wp\/v2\/types\/product"}],"wp:featuredmedia":[{"embeddable":true,"href":"https:\/\/delta-temp.com\/de_de\/wp-json\/wp\/v2\/media\/1625"}],"wp:attachment":[{"href":"https:\/\/delta-temp.com\/de_de\/wp-json\/wp\/v2\/media?parent=2196"}],"wp:term":[{"taxonomy":"characteristic","embeddable":true,"href":"https:\/\/delta-temp.com\/de_de\/wp-json\/wp\/v2\/characteristic?post=2196"},{"taxonomy":"producttype","embeddable":true,"href":"https:\/\/delta-temp.com\/de_de\/wp-json\/wp\/v2\/producttype?post=2196"},{"taxonomy":"product_brand","embeddable":true,"href":"https:\/\/delta-temp.com\/de_de\/wp-json\/wp\/v2\/product_brand?post=2196"},{"taxonomy":"product_cat","embeddable":true,"href":"https:\/\/delta-temp.com\/de_de\/wp-json\/wp\/v2\/product_cat?post=2196"},{"taxonomy":"product_tag","embeddable":true,"href":"https:\/\/delta-temp.com\/de_de\/wp-json\/wp\/v2\/product_tag?post=2196"}],"curies":[{"name":"wp","href":"https:\/\/api.w.org\/{rel}","templated":true}]}}