{"id":2194,"date":"2024-10-14T12:04:02","date_gmt":"2024-10-14T10:04:02","guid":{"rendered":"https:\/\/deltatemp.digitalleader.dev\/product\/niet-gecategoriseerd\/chiller-600kw\/"},"modified":"2025-06-24T12:56:21","modified_gmt":"2025-06-24T10:56:21","slug":"kaltwassersatze-600kw","status":"publish","type":"product","link":"https:\/\/delta-temp.com\/de_de\/produkt\/kaltwassersatze-600kw\/","title":{"rendered":"Kaltwassersatz 600kW"},"content":{"rendered":"<p>Der DT 600 ist ein robuster, luftgek\u00fchlter mobiler Chiller, perfekt f\u00fcr den Au\u00dfeneinsatz. Dank Hebe\u00f6sen, Gabelstaplertaschen und zus\u00e4tzlichen Gurten ist diese Einheit einfach zu transportieren und zu installieren.<\/p>\n<p>Mit neun Scrollkompressoren, die auf drei K\u00fchlkreisl\u00e4ufe verteilt sind, erreicht der DT 600 Prozesstemperaturen von -12 \u00b0C bis 27 \u00b0C. Ausgestattet mit einer internen Pumpe mit 3 bar, einem Rohrb\u00fcndelverdampfer und 4-Zoll-Wasseranschl\u00fcssen ist dieser Chiller f\u00fcr verschiedene Anwendungen in der Prozess- und Komfortk\u00fchlung einsetzbar. F\u00fcr diejenigen, die zus\u00e4tzliche Effizienz suchen, gibt es die HE-Version (High Efficiency), die nicht nur Energie spart, sondern auch umweltfreundlicher ist.<\/p>","protected":false},"excerpt":{"rendered":"<p>De DT 600 is een robuuste, luchtgekoelde mobiele chiller, perfect voor buitenopstellingen. Dankzij hijsogen, vorkkokers en extra riemen is deze unit eenvoudig te transporteren en te installeren. Met negen scroll-compressoren verdeeld over drie koelcircuits haalt de DT 600 procestemperaturen van -12 \u00b0C tot 27 \u00b0C. Uitgerust met een 3-bar interne pomp, buizenbundelverdamper en 4-inch wateraansluitingen, [&hellip;]<\/p>\n","protected":false},"featured_media":3637,"template":"","meta":{"_acf_changed":false},"characteristic":[],"producttype":[32],"product_brand":[],"product_cat":[20,22],"product_tag":[],"class_list":{"0":"post-2194","1":"product","2":"type-product","3":"status-publish","4":"has-post-thumbnail","6":"producttype-verhuur","7":"product_cat-koeling","8":"product_cat-mobiele-chiller","10":"first","11":"instock","12":"product-type-simple"},"acf":[],"_links":{"self":[{"href":"https:\/\/delta-temp.com\/de_de\/wp-json\/wp\/v2\/product\/2194","targetHints":{"allow":["GET"]}}],"collection":[{"href":"https:\/\/delta-temp.com\/de_de\/wp-json\/wp\/v2\/product"}],"about":[{"href":"https:\/\/delta-temp.com\/de_de\/wp-json\/wp\/v2\/types\/product"}],"wp:featuredmedia":[{"embeddable":true,"href":"https:\/\/delta-temp.com\/de_de\/wp-json\/wp\/v2\/media\/3637"}],"wp:attachment":[{"href":"https:\/\/delta-temp.com\/de_de\/wp-json\/wp\/v2\/media?parent=2194"}],"wp:term":[{"taxonomy":"characteristic","embeddable":true,"href":"https:\/\/delta-temp.com\/de_de\/wp-json\/wp\/v2\/characteristic?post=2194"},{"taxonomy":"producttype","embeddable":true,"href":"https:\/\/delta-temp.com\/de_de\/wp-json\/wp\/v2\/producttype?post=2194"},{"taxonomy":"product_brand","embeddable":true,"href":"https:\/\/delta-temp.com\/de_de\/wp-json\/wp\/v2\/product_brand?post=2194"},{"taxonomy":"product_cat","embeddable":true,"href":"https:\/\/delta-temp.com\/de_de\/wp-json\/wp\/v2\/product_cat?post=2194"},{"taxonomy":"product_tag","embeddable":true,"href":"https:\/\/delta-temp.com\/de_de\/wp-json\/wp\/v2\/product_tag?post=2194"}],"curies":[{"name":"wp","href":"https:\/\/api.w.org\/{rel}","templated":true}]}}