{"id":2192,"date":"2024-10-14T12:04:02","date_gmt":"2024-10-14T10:04:02","guid":{"rendered":"https:\/\/deltatemp.digitalleader.dev\/product\/niet-gecategoriseerd\/chiller-500kw\/"},"modified":"2025-06-24T12:50:50","modified_gmt":"2025-06-24T10:50:50","slug":"kaltwassersatze-500kw","status":"publish","type":"product","link":"https:\/\/delta-temp.com\/de_de\/produkt\/kaltwassersatze-500kw\/","title":{"rendered":"Kaltwassersatz 500 kW"},"content":{"rendered":"<p>Der DT 500 ist eine leistungsstarke, luftgek\u00fchlte mobile K\u00fchlmaschine, die f\u00fcr optimale Leistung ausgelegt ist. Mit acht Axialventilatoren und zwei Bitzer-Schraubenkompressoren, die auf zwei K\u00fchlkreisl\u00e4ufe verteilt sind, bietet diese Maschine eine zuverl\u00e4ssige K\u00fchlkapazit\u00e4t. Dank des Rohrb\u00fcndelverdampfers und der zwei internen Pumpen \u2013 von denen eine als Backup dient \u2013 k\u00f6nnen Sie sich auf einen konstanten Betrieb verlassen.<\/p>\n<p>Diese vielseitige K\u00fchlmaschine ist f\u00fcr Prozesstemperaturen von -12 \u00b0C bis +27 \u00b0C geeignet, was sie ideal f\u00fcr eine Vielzahl von Anwendungen macht. Dar\u00fcber hinaus l\u00e4sst sich der DT 500 perfekt mit mobilen Luftbehandlungseinheiten f\u00fcr gro\u00dffl\u00e4chige Klimaanlagen kombinieren.<\/p>\n<p>Mit dem DT 500 entscheiden Sie sich f\u00fcr einen zuverl\u00e4ssigen Partner in der K\u00fchltechnologie, der Ihnen hilft, die Temperatur auch in den hei\u00dfesten Situationen unter Kontrolle zu halten.<\/p>","protected":false},"excerpt":{"rendered":"<p>De DT 500 is een krachtige luchtgekoelde mobiele koelmachine, ontworpen voor optimale prestaties. Met acht axiale ventilatoren en twee Bitzer schroefcompressoren, verdeeld over twee koelcircuits, biedt deze machine betrouwbare koelcapaciteit. Dankzij de buizenbundelverdamper en de twee interne pompen\u2014waarvan \u00e9\u00e9n als back-up fungeert\u2014kun je rekenen op een constante werking. Deze veelzijdige koelmachine is geschikt voor procestemperaturen [&hellip;]<\/p>\n","protected":false},"featured_media":3583,"template":"","meta":{"_acf_changed":false},"characteristic":[],"producttype":[32],"product_brand":[],"product_cat":[20,22],"product_tag":[],"class_list":{"0":"post-2192","1":"product","2":"type-product","3":"status-publish","4":"has-post-thumbnail","6":"producttype-verhuur","7":"product_cat-koeling","8":"product_cat-mobiele-chiller","10":"first","11":"instock","12":"product-type-simple"},"acf":[],"_links":{"self":[{"href":"https:\/\/delta-temp.com\/de_de\/wp-json\/wp\/v2\/product\/2192","targetHints":{"allow":["GET"]}}],"collection":[{"href":"https:\/\/delta-temp.com\/de_de\/wp-json\/wp\/v2\/product"}],"about":[{"href":"https:\/\/delta-temp.com\/de_de\/wp-json\/wp\/v2\/types\/product"}],"wp:featuredmedia":[{"embeddable":true,"href":"https:\/\/delta-temp.com\/de_de\/wp-json\/wp\/v2\/media\/3583"}],"wp:attachment":[{"href":"https:\/\/delta-temp.com\/de_de\/wp-json\/wp\/v2\/media?parent=2192"}],"wp:term":[{"taxonomy":"characteristic","embeddable":true,"href":"https:\/\/delta-temp.com\/de_de\/wp-json\/wp\/v2\/characteristic?post=2192"},{"taxonomy":"producttype","embeddable":true,"href":"https:\/\/delta-temp.com\/de_de\/wp-json\/wp\/v2\/producttype?post=2192"},{"taxonomy":"product_brand","embeddable":true,"href":"https:\/\/delta-temp.com\/de_de\/wp-json\/wp\/v2\/product_brand?post=2192"},{"taxonomy":"product_cat","embeddable":true,"href":"https:\/\/delta-temp.com\/de_de\/wp-json\/wp\/v2\/product_cat?post=2192"},{"taxonomy":"product_tag","embeddable":true,"href":"https:\/\/delta-temp.com\/de_de\/wp-json\/wp\/v2\/product_tag?post=2192"}],"curies":[{"name":"wp","href":"https:\/\/api.w.org\/{rel}","templated":true}]}}