{"id":2191,"date":"2024-10-14T12:04:02","date_gmt":"2024-10-14T10:04:02","guid":{"rendered":"https:\/\/deltatemp.digitalleader.dev\/product\/niet-gecategoriseerd\/chiller-400kw-evo\/"},"modified":"2025-06-24T12:49:42","modified_gmt":"2025-06-24T10:49:42","slug":"kaltwassersatze-400kw-evo","status":"publish","type":"product","link":"https:\/\/delta-temp.com\/de_de\/produkt\/kaltwassersatze-400kw-evo\/","title":{"rendered":"Kaltwassersatz 400 kW EVO"},"content":{"rendered":"<p>Der mobile Chiller DT 400 ist mit fortschrittlicher Technologie ausgestattet, darunter vier Scrollkompressoren, die auf zwei unabh\u00e4ngige K\u00fchlkreisl\u00e4ufe verteilt sind. Mit einer leistungsstarken internen Pumpe, die bis zu 3 bar liefern kann, und einer Durchflusskapazit\u00e4t von 90 m\u00b3\/h ist dieser Chiller ein echtes Kraftpaket.<\/p>\n<p>Speziell f\u00fcr den Mietmarkt konzipiert, verf\u00fcgt der DT 400 M \u00fcber praktische 4-Zoll-Modulkupplungen f\u00fcr Wasseranschl\u00fcsse und ein niedriges Ger\u00e4uschniveau, was ihn ideal f\u00fcr ger\u00e4uschempfindliche Umgebungen macht. Jede Einheit ist f\u00fcr einfachen Transport und schnelle Installation ausgelegt, mit einem stabilen Transportrahmen, Gabelstaplertaschen und praktischen Schnellkupplungen.<\/p>\n<p>Egal, ob Sie Prozessk\u00fchlung oder Komfortk\u00fchlung ben\u00f6tigen, diese mobilen Chiller sind vielseitig einsetzbar und bieten optimale Leistung in verschiedenen Branchen.<\/p>","protected":false},"excerpt":{"rendered":"<p>De DT400 EVO-chiller is een echte alleskunner op het gebied van koudwatermachines. Met zijn stevige aluminium frame en handige vorkkokers is de installatie snel en eenvoudig. Of je nu comfortkoeling of industri\u00eble koeling nodig hebt, deze chiller komt in diverse sectoren goed van pas. Intern zorgt een slimme combinatie van een interne pomp en een [&hellip;]<\/p>\n","protected":false},"featured_media":3570,"template":"","meta":{"_acf_changed":false},"characteristic":[],"producttype":[32],"product_brand":[],"product_cat":[20,22],"product_tag":[],"class_list":{"0":"post-2191","1":"product","2":"type-product","3":"status-publish","4":"has-post-thumbnail","6":"producttype-verhuur","7":"product_cat-koeling","8":"product_cat-mobiele-chiller","10":"first","11":"instock","12":"product-type-simple"},"acf":[],"_links":{"self":[{"href":"https:\/\/delta-temp.com\/de_de\/wp-json\/wp\/v2\/product\/2191","targetHints":{"allow":["GET"]}}],"collection":[{"href":"https:\/\/delta-temp.com\/de_de\/wp-json\/wp\/v2\/product"}],"about":[{"href":"https:\/\/delta-temp.com\/de_de\/wp-json\/wp\/v2\/types\/product"}],"wp:featuredmedia":[{"embeddable":true,"href":"https:\/\/delta-temp.com\/de_de\/wp-json\/wp\/v2\/media\/3570"}],"wp:attachment":[{"href":"https:\/\/delta-temp.com\/de_de\/wp-json\/wp\/v2\/media?parent=2191"}],"wp:term":[{"taxonomy":"characteristic","embeddable":true,"href":"https:\/\/delta-temp.com\/de_de\/wp-json\/wp\/v2\/characteristic?post=2191"},{"taxonomy":"producttype","embeddable":true,"href":"https:\/\/delta-temp.com\/de_de\/wp-json\/wp\/v2\/producttype?post=2191"},{"taxonomy":"product_brand","embeddable":true,"href":"https:\/\/delta-temp.com\/de_de\/wp-json\/wp\/v2\/product_brand?post=2191"},{"taxonomy":"product_cat","embeddable":true,"href":"https:\/\/delta-temp.com\/de_de\/wp-json\/wp\/v2\/product_cat?post=2191"},{"taxonomy":"product_tag","embeddable":true,"href":"https:\/\/delta-temp.com\/de_de\/wp-json\/wp\/v2\/product_tag?post=2191"}],"curies":[{"name":"wp","href":"https:\/\/api.w.org\/{rel}","templated":true}]}}