{"id":2183,"date":"2024-10-14T12:04:02","date_gmt":"2024-10-14T10:04:02","guid":{"rendered":"https:\/\/deltatemp.digitalleader.dev\/product\/niet-gecategoriseerd\/chiller-200kw\/"},"modified":"2025-06-24T11:43:23","modified_gmt":"2025-06-24T09:43:23","slug":"kaltwassersatze-200kw","status":"publish","type":"product","link":"https:\/\/delta-temp.com\/de_de\/produkt\/kaltwassersatze-200kw\/","title":{"rendered":"Kaltwassersatz 200 kW"},"content":{"rendered":"<p>Mit einer K\u00fchlleistung von 200 kW, ausgestattet mit 4 Scrollkompressoren und 2 K\u00fchlkreisl\u00e4ufen, bietet dieser Chiller zuverl\u00e4ssige K\u00fchlung rund um die Uhr. Er ist f\u00fcr den Au\u00dfeneinsatz und raue Industriebedingungen konzipiert und bietet eine robuste und sorgenfreie L\u00f6sung f\u00fcr verschiedene Branchen, von der Lebensmittelindustrie und Chemie bis hin zur Pharma- und Automobilindustrie.<\/p>\n<p>Der stabile, sch\u00fctzende Rahmen erleichtert den Transport und die Installation, und dank der eingebauten Pumpe sind zus\u00e4tzliche Anschl\u00fcsse \u00fcberfl\u00fcssig. Dieser Chiller ist bereit, sofort loszulegen und rund um die Uhr H\u00f6chstleistungen zu erbringen.<\/p>","protected":false},"excerpt":{"rendered":"<p>Met een koelvermogen van 200 kW en voorzien van 4 scrollcompressoren en 2 koelcircuits, levert deze chiller betrouwbare koeling, dag en nacht. Ontworpen voor buitenopstelling en zware industri\u00eble omstandigheden, biedt hij een robuuste en zorgeloze oplossing voor uiteenlopende sectoren, van de voedingsindustrie en chemie tot de farmaceutische en automobielsector. Het stevige, beschermende frame maakt transport [&hellip;]<\/p>\n","protected":false},"featured_media":3524,"template":"","meta":{"_acf_changed":false},"characteristic":[],"producttype":[32],"product_brand":[],"product_cat":[20,22],"product_tag":[],"class_list":{"0":"post-2183","1":"product","2":"type-product","3":"status-publish","4":"has-post-thumbnail","6":"producttype-verhuur","7":"product_cat-koeling","8":"product_cat-mobiele-chiller","10":"first","11":"instock","12":"product-type-simple"},"acf":[],"_links":{"self":[{"href":"https:\/\/delta-temp.com\/de_de\/wp-json\/wp\/v2\/product\/2183","targetHints":{"allow":["GET"]}}],"collection":[{"href":"https:\/\/delta-temp.com\/de_de\/wp-json\/wp\/v2\/product"}],"about":[{"href":"https:\/\/delta-temp.com\/de_de\/wp-json\/wp\/v2\/types\/product"}],"wp:featuredmedia":[{"embeddable":true,"href":"https:\/\/delta-temp.com\/de_de\/wp-json\/wp\/v2\/media\/3524"}],"wp:attachment":[{"href":"https:\/\/delta-temp.com\/de_de\/wp-json\/wp\/v2\/media?parent=2183"}],"wp:term":[{"taxonomy":"characteristic","embeddable":true,"href":"https:\/\/delta-temp.com\/de_de\/wp-json\/wp\/v2\/characteristic?post=2183"},{"taxonomy":"producttype","embeddable":true,"href":"https:\/\/delta-temp.com\/de_de\/wp-json\/wp\/v2\/producttype?post=2183"},{"taxonomy":"product_brand","embeddable":true,"href":"https:\/\/delta-temp.com\/de_de\/wp-json\/wp\/v2\/product_brand?post=2183"},{"taxonomy":"product_cat","embeddable":true,"href":"https:\/\/delta-temp.com\/de_de\/wp-json\/wp\/v2\/product_cat?post=2183"},{"taxonomy":"product_tag","embeddable":true,"href":"https:\/\/delta-temp.com\/de_de\/wp-json\/wp\/v2\/product_tag?post=2183"}],"curies":[{"name":"wp","href":"https:\/\/api.w.org\/{rel}","templated":true}]}}