{"id":2181,"date":"2024-10-14T12:04:02","date_gmt":"2024-10-14T10:04:02","guid":{"rendered":"https:\/\/deltatemp.digitalleader.dev\/product\/niet-gecategoriseerd\/chiller-150kw\/"},"modified":"2025-06-23T16:32:18","modified_gmt":"2025-06-23T14:32:18","slug":"kaltwassersatze-150kw","status":"publish","type":"product","link":"https:\/\/delta-temp.com\/de_de\/produkt\/kaltwassersatze-150kw\/","title":{"rendered":"Kaltwassersatz 150 kW"},"content":{"rendered":"<p>Der DT 150 ist ein luftgek\u00fchlter Chiller mit einer K\u00fchlleistung von 150 kW, speziell entwickelt f\u00fcr Anwendungen, bei denen Ger\u00e4uschreduzierung entscheidend ist, wie in Krankenh\u00e4usern, B\u00fcros und Wohngebieten. Dank zus\u00e4tzlicher Isolierung arbeitet diese Einheit au\u00dfergew\u00f6hnlich leise.<\/p>\n<p>Mit vier Scroll-Kompressoren und zwei K\u00fchlkreisl\u00e4ufen liefert der DT 150 leistungsstarke und effiziente Leistungen. Die Einheit f\u00fchrt W\u00e4rme \u00fcber drei Axialradiatoren ab und ist mit Wasseranschl\u00fcssen mit 2\"-Bauer-Kupplungen ausgestattet. F\u00fcr eine einfache Installation wird die elektrische Versorgung \u00fcber einen 125A-Stecker bereitgestellt.<\/p>\n<p>Dank des robusten Schutzrahmens, der eingebauten Pumpe und des Steckanschlusses ist dieser Chiller schnell einsatzbereit (Plug-and-Play). F\u00fcr Anwendungen, bei denen eine konstante Temperatur erforderlich ist, kann der DT 150 perfekt mit unseren Luftbehandlungsk\u00e4sten AHU150 und AHU175 kombiniert werden, was optimale L\u00f6sungen f\u00fcr die Prozessk\u00fchlung bietet.<\/p>","protected":false},"excerpt":{"rendered":"<p>De DT 150 is een luchtgekoelde chiller met een koelvermogen van 150 kW, speciaal ontworpen voor toepassingen waar geluidsreductie essentieel is, zoals in ziekenhuizen, kantoren en woonwijken. Dankzij extra isolatie werkt deze unit uitzonderlijk stil. Met vier scroll-compressoren en twee koelcircuits levert de DT 150 krachtige en effici\u00ebnte prestaties. De unit voert warmte af via [&hellip;]<\/p>\n","protected":false},"featured_media":3520,"template":"","meta":{"_acf_changed":false},"characteristic":[],"producttype":[32],"product_brand":[],"product_cat":[20,22],"product_tag":[],"class_list":{"0":"post-2181","1":"product","2":"type-product","3":"status-publish","4":"has-post-thumbnail","6":"producttype-verhuur","7":"product_cat-koeling","8":"product_cat-mobiele-chiller","10":"first","11":"instock","12":"product-type-simple"},"acf":[],"_links":{"self":[{"href":"https:\/\/delta-temp.com\/de_de\/wp-json\/wp\/v2\/product\/2181","targetHints":{"allow":["GET"]}}],"collection":[{"href":"https:\/\/delta-temp.com\/de_de\/wp-json\/wp\/v2\/product"}],"about":[{"href":"https:\/\/delta-temp.com\/de_de\/wp-json\/wp\/v2\/types\/product"}],"wp:featuredmedia":[{"embeddable":true,"href":"https:\/\/delta-temp.com\/de_de\/wp-json\/wp\/v2\/media\/3520"}],"wp:attachment":[{"href":"https:\/\/delta-temp.com\/de_de\/wp-json\/wp\/v2\/media?parent=2181"}],"wp:term":[{"taxonomy":"characteristic","embeddable":true,"href":"https:\/\/delta-temp.com\/de_de\/wp-json\/wp\/v2\/characteristic?post=2181"},{"taxonomy":"producttype","embeddable":true,"href":"https:\/\/delta-temp.com\/de_de\/wp-json\/wp\/v2\/producttype?post=2181"},{"taxonomy":"product_brand","embeddable":true,"href":"https:\/\/delta-temp.com\/de_de\/wp-json\/wp\/v2\/product_brand?post=2181"},{"taxonomy":"product_cat","embeddable":true,"href":"https:\/\/delta-temp.com\/de_de\/wp-json\/wp\/v2\/product_cat?post=2181"},{"taxonomy":"product_tag","embeddable":true,"href":"https:\/\/delta-temp.com\/de_de\/wp-json\/wp\/v2\/product_tag?post=2181"}],"curies":[{"name":"wp","href":"https:\/\/api.w.org\/{rel}","templated":true}]}}