{"id":2179,"date":"2024-10-14T12:04:02","date_gmt":"2024-10-14T10:04:02","guid":{"rendered":"https:\/\/deltatemp.digitalleader.dev\/product\/niet-gecategoriseerd\/chiller-100kw-evo\/"},"modified":"2025-06-23T16:27:16","modified_gmt":"2025-06-23T14:27:16","slug":"kaltwassersatze-100kw-evo","status":"publish","type":"product","link":"https:\/\/delta-temp.com\/de_de\/produkt\/kaltwassersatze-100kw-evo\/","title":{"rendered":"Kaltwassersatz 100 kW EVO"},"content":{"rendered":"<p>Der DT100 EVO ist der luftgek\u00fchlte K\u00fchler, der Ihre vor\u00fcbergehenden K\u00fchlprobleme m\u00fchelos meistert. Mit seinen leistungsstarken 100 kW und seinem smarten Design ist dieses Ger\u00e4t im Handumdrehen betriebsbereit.<\/p>\n<p>Der stabile Transportrahmen mit Gabeltaschen und Hebe\u00f6sen erleichtert die Montage und ist dank Wasserkupplungen (2'' Bauer) und Steckverbindung (125 A CEE) schnell angeschlossen und einsatzbereit. Der DT100 EVO l\u00e4uft dank ger\u00e4uscharmer Scroll-Kompressoren und EC-L\u00fcftern leise und die frequenzgesteuerte Pumpe passt sich nahtlos an Ihren K\u00fchlbedarf an. Durch den integrierten W\u00e4rmetauscher eignet sich die K\u00e4ltemaschine sowohl zur Klimatisierung als auch zur Prozessk\u00fchlung.<\/p>\n<p>Eine intelligente und zuverl\u00e4ssige tempor\u00e4re K\u00fchleinheit, die sowohl effizient als auch einfach zu bedienen ist \u2013 der DT100 EVO ist immer einsatzbereit!<\/p>","protected":false},"excerpt":{"rendered":"<p>De DT100 EVO is d\u00e9 luchtgekoelde chiller die je tijdelijke koeluitdagingen moeiteloos aankan. Met zijn krachtige 100 kW en slim ontwerp is deze unit in een handomdraai operationeel. Het stevige transportframe met vorkkokers en hijsogen maakt installatie eenvoudig, en dankzij de waterkoppelingen (2\u2019\u2019 Bauer) en stekkeraansluiting (125 A CEE) is hij snel aangesloten en klaar [&hellip;]<\/p>\n","protected":false},"featured_media":3510,"template":"","meta":{"_acf_changed":false},"characteristic":[],"producttype":[32],"product_brand":[],"product_cat":[22],"product_tag":[],"class_list":{"0":"post-2179","1":"product","2":"type-product","3":"status-publish","4":"has-post-thumbnail","6":"producttype-verhuur","7":"product_cat-mobiele-chiller","9":"first","10":"instock","11":"product-type-simple"},"acf":[],"_links":{"self":[{"href":"https:\/\/delta-temp.com\/de_de\/wp-json\/wp\/v2\/product\/2179","targetHints":{"allow":["GET"]}}],"collection":[{"href":"https:\/\/delta-temp.com\/de_de\/wp-json\/wp\/v2\/product"}],"about":[{"href":"https:\/\/delta-temp.com\/de_de\/wp-json\/wp\/v2\/types\/product"}],"wp:featuredmedia":[{"embeddable":true,"href":"https:\/\/delta-temp.com\/de_de\/wp-json\/wp\/v2\/media\/3510"}],"wp:attachment":[{"href":"https:\/\/delta-temp.com\/de_de\/wp-json\/wp\/v2\/media?parent=2179"}],"wp:term":[{"taxonomy":"characteristic","embeddable":true,"href":"https:\/\/delta-temp.com\/de_de\/wp-json\/wp\/v2\/characteristic?post=2179"},{"taxonomy":"producttype","embeddable":true,"href":"https:\/\/delta-temp.com\/de_de\/wp-json\/wp\/v2\/producttype?post=2179"},{"taxonomy":"product_brand","embeddable":true,"href":"https:\/\/delta-temp.com\/de_de\/wp-json\/wp\/v2\/product_brand?post=2179"},{"taxonomy":"product_cat","embeddable":true,"href":"https:\/\/delta-temp.com\/de_de\/wp-json\/wp\/v2\/product_cat?post=2179"},{"taxonomy":"product_tag","embeddable":true,"href":"https:\/\/delta-temp.com\/de_de\/wp-json\/wp\/v2\/product_tag?post=2179"}],"curies":[{"name":"wp","href":"https:\/\/api.w.org\/{rel}","templated":true}]}}