{"id":2178,"date":"2024-10-14T12:04:02","date_gmt":"2024-10-14T10:04:02","guid":{"rendered":"https:\/\/deltatemp.digitalleader.dev\/product\/niet-gecategoriseerd\/chiller-100kw\/"},"modified":"2025-06-23T16:26:18","modified_gmt":"2025-06-23T14:26:18","slug":"kaltwassersatze-100kw","status":"publish","type":"product","link":"https:\/\/delta-temp.com\/de_de\/produkt\/kaltwassersatze-100kw\/","title":{"rendered":"Kaltwassersatz 100 kW"},"content":{"rendered":"<p>Der DT100-K\u00fchler von Delta-Temp bietet leistungsstarke K\u00fchlung in einem kompakten und benutzerfreundlichen Design. Mit seinen zwei Scrollkompressoren und doppelten K\u00fchlkreisl\u00e4ufen liefert dieser K\u00fchler effiziente und zuverl\u00e4ssige Leistung.<\/p>\n<p>Dank der integrierten 150-Liter-Puffertank, der eingebauten Pumpe und dem robusten Rahmen mit Gabelstaplertaschen ist der DT100 leicht zu transportieren und zu installieren. Er ist ideal f\u00fcr sowohl Komfortk\u00fchlung als auch Prozessk\u00fchlung in verschiedenen Anwendungen, wie Geb\u00e4uden, Veranstaltungen und Fabriken.<\/p>","protected":false},"excerpt":{"rendered":"<p>De DT100 chiller van Delta-Temp biedt krachtige koeling in een compact en gebruiksvriendelijk ontwerp. Met zijn twee scrollcompressoren en dubbele koelcircuits levert deze chiller effici\u00ebnte en betrouwbare prestaties. Dankzij de ge\u00efntegreerde buffertank van 150 liter, de ingebouwde pomp en het robuuste frame met vorkkokers is de DT100 gemakkelijk te transporteren en te installeren. Hij is [&hellip;]<\/p>\n","protected":false},"featured_media":3509,"template":"","meta":{"_acf_changed":false},"characteristic":[],"producttype":[32],"product_brand":[],"product_cat":[20,22],"product_tag":[],"class_list":{"0":"post-2178","1":"product","2":"type-product","3":"status-publish","4":"has-post-thumbnail","6":"producttype-verhuur","7":"product_cat-koeling","8":"product_cat-mobiele-chiller","10":"first","11":"instock","12":"product-type-simple"},"acf":[],"_links":{"self":[{"href":"https:\/\/delta-temp.com\/de_de\/wp-json\/wp\/v2\/product\/2178","targetHints":{"allow":["GET"]}}],"collection":[{"href":"https:\/\/delta-temp.com\/de_de\/wp-json\/wp\/v2\/product"}],"about":[{"href":"https:\/\/delta-temp.com\/de_de\/wp-json\/wp\/v2\/types\/product"}],"wp:featuredmedia":[{"embeddable":true,"href":"https:\/\/delta-temp.com\/de_de\/wp-json\/wp\/v2\/media\/3509"}],"wp:attachment":[{"href":"https:\/\/delta-temp.com\/de_de\/wp-json\/wp\/v2\/media?parent=2178"}],"wp:term":[{"taxonomy":"characteristic","embeddable":true,"href":"https:\/\/delta-temp.com\/de_de\/wp-json\/wp\/v2\/characteristic?post=2178"},{"taxonomy":"producttype","embeddable":true,"href":"https:\/\/delta-temp.com\/de_de\/wp-json\/wp\/v2\/producttype?post=2178"},{"taxonomy":"product_brand","embeddable":true,"href":"https:\/\/delta-temp.com\/de_de\/wp-json\/wp\/v2\/product_brand?post=2178"},{"taxonomy":"product_cat","embeddable":true,"href":"https:\/\/delta-temp.com\/de_de\/wp-json\/wp\/v2\/product_cat?post=2178"},{"taxonomy":"product_tag","embeddable":true,"href":"https:\/\/delta-temp.com\/de_de\/wp-json\/wp\/v2\/product_tag?post=2178"}],"curies":[{"name":"wp","href":"https:\/\/api.w.org\/{rel}","templated":true}]}}