{"id":2177,"date":"2024-10-14T12:04:02","date_gmt":"2024-10-14T10:04:02","guid":{"rendered":"https:\/\/deltatemp.digitalleader.dev\/product\/niet-gecategoriseerd\/chiller-60kw-evo\/"},"modified":"2025-08-11T13:13:37","modified_gmt":"2025-08-11T11:13:37","slug":"kaltwassersatze-60kw-evo","status":"publish","type":"product","link":"https:\/\/delta-temp.com\/de_de\/produkt\/kaltwassersatze-60kw-evo\/","title":{"rendered":"Kaltwassersatz 60kW EVO"},"content":{"rendered":"<p class=\"translation-block\">Auf der Suche nach einem Chiller, der schnell einsatzbereit, effizient und umweltfreundlich ist? Dann ist der DT60 EVO die perfekte L\u00f6sung. Dieser Chiller wurde speziell f\u00fcr den Mietmarkt entwickelt und ist dank der benutzerfreundlichen Anschl\u00fcsse schnell betriebsbereit. Die Einheit ist mit der neuesten K\u00fchltechnologie ausgestattet und verf\u00fcgt \u00fcber ein automatisches Lecksuchsystem f\u00fcr zus\u00e4tzliche Sicherheit.<\/p>\n<p>Dank der effizienten Komponenten und der frequenzgesteuerten Pumpe hat dieser Chiller einen sehr niedrigen Stromverbrauch. Mit der Fern\u00fcberwachung k\u00f6nnen Sie die Einheit jederzeit und \u00fcberall im Auge behalten, wodurch Probleme verhindert werden k\u00f6nnen, bevor sie auftreten.<\/p>\n<p>Der DT60 EVO bietet zudem zahlreiche Vorteile, wie zwei K\u00fchlkreisl\u00e4ufe f\u00fcr eine konstante K\u00fchlkapazit\u00e4t, einen 115-Liter-Wassertank f\u00fcr zus\u00e4tzliche Pufferkapazit\u00e4t und ein robustes Geh\u00e4use mit Gabelstaplertaschen f\u00fcr einfachen Transport.<\/p>","protected":false},"excerpt":{"rendered":"<p>Op zoek naar een chiller die snel inzetbaar, effici\u00ebnt en milieuvriendelijk is? Dan is de DT60 EVO d\u00e9 perfecte oplossing. Deze chiller is speciaal ontworpen voor de verhuurmarkt en is dankzij de gebruiksvriendelijke aansluitingen snel gebruiksklaar.\u00a0De unit is uitgerust met de nieuwste koeltechnologie en beschikt over een automatisch lekdetectiesysteem voor extra veiligheid. Dankzij de effici\u00ebnte [&hellip;]<\/p>\n","protected":false},"featured_media":3493,"template":"","meta":{"_acf_changed":false},"characteristic":[103,104],"producttype":[32],"product_brand":[],"product_cat":[20,22],"product_tag":[],"class_list":{"0":"post-2177","1":"product","2":"type-product","3":"status-publish","4":"has-post-thumbnail","6":"characteristic-char_test-01","7":"characteristic-char_test-02","8":"producttype-verhuur","9":"product_cat-koeling","10":"product_cat-mobiele-chiller","12":"first","13":"instock","14":"product-type-simple"},"acf":[],"_links":{"self":[{"href":"https:\/\/delta-temp.com\/de_de\/wp-json\/wp\/v2\/product\/2177","targetHints":{"allow":["GET"]}}],"collection":[{"href":"https:\/\/delta-temp.com\/de_de\/wp-json\/wp\/v2\/product"}],"about":[{"href":"https:\/\/delta-temp.com\/de_de\/wp-json\/wp\/v2\/types\/product"}],"wp:featuredmedia":[{"embeddable":true,"href":"https:\/\/delta-temp.com\/de_de\/wp-json\/wp\/v2\/media\/3493"}],"wp:attachment":[{"href":"https:\/\/delta-temp.com\/de_de\/wp-json\/wp\/v2\/media?parent=2177"}],"wp:term":[{"taxonomy":"characteristic","embeddable":true,"href":"https:\/\/delta-temp.com\/de_de\/wp-json\/wp\/v2\/characteristic?post=2177"},{"taxonomy":"producttype","embeddable":true,"href":"https:\/\/delta-temp.com\/de_de\/wp-json\/wp\/v2\/producttype?post=2177"},{"taxonomy":"product_brand","embeddable":true,"href":"https:\/\/delta-temp.com\/de_de\/wp-json\/wp\/v2\/product_brand?post=2177"},{"taxonomy":"product_cat","embeddable":true,"href":"https:\/\/delta-temp.com\/de_de\/wp-json\/wp\/v2\/product_cat?post=2177"},{"taxonomy":"product_tag","embeddable":true,"href":"https:\/\/delta-temp.com\/de_de\/wp-json\/wp\/v2\/product_tag?post=2177"}],"curies":[{"name":"wp","href":"https:\/\/api.w.org\/{rel}","templated":true}]}}