{"id":2176,"date":"2024-10-14T12:04:02","date_gmt":"2024-10-14T10:04:02","guid":{"rendered":"https:\/\/deltatemp.digitalleader.dev\/product\/niet-gecategoriseerd\/chiller-50kw\/"},"modified":"2025-06-23T14:55:49","modified_gmt":"2025-06-23T12:55:49","slug":"kaltwassersatze-50kw","status":"publish","type":"product","link":"https:\/\/delta-temp.com\/de_de\/produkt\/kaltwassersatze-50kw\/","title":{"rendered":"Kaltwassersatz 50 kW"},"content":{"rendered":"<p>Der DT 50 ist eine robuste und mobile K\u00fchlmaschine, die speziell f\u00fcr den Au\u00dfeneinsatz entwickelt wurde. Dieser Chiller ist ideal f\u00fcr sowohl Komfort- als auch Prozessk\u00fchlung in verschiedenen Sektoren, einschlie\u00dflich Veranstaltungen, Rechenzentren und Fabrikhallen.<\/p>\n<p>Dank des luftgek\u00fchlten Kondensators ist der DT 50 kompakt und einfach zu installieren. Der leistungsstarke Scrollkompressor sorgt f\u00fcr effiziente K\u00fchlung, w\u00e4hrend der interne Puffertank von 255 Litern eine konstante Versorgung mit kaltem Wasser garantiert.<\/p>\n<p>Dar\u00fcber hinaus ist der DT 50 sehr benutzerfreundlich. Das Anschlie\u00dfen des Chillers an Ihr System oder eine mobile L\u00fcftungseinheit ist dank der 2\u2019\u2019 Bauer-Schnellkupplungen, der mitgelieferten 10 Meter Wasserschl\u00e4uche und Flanschsets (DN50 \/ PN16) eine einfache Aufgabe.<\/p>","protected":false},"excerpt":{"rendered":"<p>De DT 50 is een robuuste en mobiele koelmachine, speciaal ontworpen voor buitengebruik. Deze chiller is ideaal voor zowel comfort- als proceskoeling in verschillende sectoren, waaronder evenementen, datacenters en fabriekshallen. Dankzij de luchtgekoelde condensor is de DT 50 compact en eenvoudig te installeren. De krachtige scrollcompressor zorgt voor effici\u00ebnte koeling, terwijl de interne buffertank van [&hellip;]<\/p>\n","protected":false},"featured_media":3504,"template":"","meta":{"_acf_changed":false},"characteristic":[],"producttype":[32],"product_brand":[],"product_cat":[22,20],"product_tag":[],"class_list":{"0":"post-2176","1":"product","2":"type-product","3":"status-publish","4":"has-post-thumbnail","6":"producttype-verhuur","7":"product_cat-mobiele-chiller","8":"product_cat-koeling","10":"first","11":"instock","12":"product-type-simple"},"acf":[],"_links":{"self":[{"href":"https:\/\/delta-temp.com\/de_de\/wp-json\/wp\/v2\/product\/2176","targetHints":{"allow":["GET"]}}],"collection":[{"href":"https:\/\/delta-temp.com\/de_de\/wp-json\/wp\/v2\/product"}],"about":[{"href":"https:\/\/delta-temp.com\/de_de\/wp-json\/wp\/v2\/types\/product"}],"wp:featuredmedia":[{"embeddable":true,"href":"https:\/\/delta-temp.com\/de_de\/wp-json\/wp\/v2\/media\/3504"}],"wp:attachment":[{"href":"https:\/\/delta-temp.com\/de_de\/wp-json\/wp\/v2\/media?parent=2176"}],"wp:term":[{"taxonomy":"characteristic","embeddable":true,"href":"https:\/\/delta-temp.com\/de_de\/wp-json\/wp\/v2\/characteristic?post=2176"},{"taxonomy":"producttype","embeddable":true,"href":"https:\/\/delta-temp.com\/de_de\/wp-json\/wp\/v2\/producttype?post=2176"},{"taxonomy":"product_brand","embeddable":true,"href":"https:\/\/delta-temp.com\/de_de\/wp-json\/wp\/v2\/product_brand?post=2176"},{"taxonomy":"product_cat","embeddable":true,"href":"https:\/\/delta-temp.com\/de_de\/wp-json\/wp\/v2\/product_cat?post=2176"},{"taxonomy":"product_tag","embeddable":true,"href":"https:\/\/delta-temp.com\/de_de\/wp-json\/wp\/v2\/product_tag?post=2176"}],"curies":[{"name":"wp","href":"https:\/\/api.w.org\/{rel}","templated":true}]}}