{"id":2175,"date":"2024-10-14T12:04:02","date_gmt":"2024-10-14T10:04:02","guid":{"rendered":"https:\/\/deltatemp.digitalleader.dev\/product\/niet-gecategoriseerd\/chiller-25kw\/"},"modified":"2025-09-26T15:09:17","modified_gmt":"2025-09-26T13:09:17","slug":"kaltwassersatze-25kw","status":"publish","type":"product","link":"https:\/\/delta-temp.com\/de_de\/produkt\/kaltwassersatze-25kw\/","title":{"rendered":"Kaltwassersatz 25 kW"},"content":{"rendered":"<p>Der DT 25 ist ein robuster, mobiler Chiller, der ideal f\u00fcr den Au\u00dfeneinsatz ist. Dank des stabilen Rahmens mit Gabelstaplertaschen l\u00e4sst sich die Einheit einfach bewegen und installieren.<\/p>\n<p>Mit 2\u2033-Bauer-Kupplungen integriert sich der DT 25 m\u00fchelos in bestehende L\u00fcftungssysteme oder Klimager\u00e4te, was die Installation vereinfacht und die Leistung optimiert. Der eingebaute Puffertank von 140 Litern, ein 32A-Stromanschluss, ein leistungsstarker Scrollkompressor und eine interne Pumpe sorgen zusammen f\u00fcr eine effiziente und leistungsstarke K\u00fchlungsl\u00f6sung, ideal f\u00fcr industrielle Prozesse und Klimatisierung.<\/p>","protected":false},"excerpt":{"rendered":"<p>De DT 25 is een robuuste, mobiele chiller die ideaal is voor buitengebruik. Dankzij het stevige frame met vorkhefaansluitingen is de unit eenvoudig te verplaatsen en installeren. Met 2&#8243;-Bauerkoppelingen integreert de DT 25 moeiteloos in bestaande ventilatiesystemen of luchtbehandelingskasten, wat de installatie vereenvoudigt en de prestaties optimaliseert. De ingebouwde buffertank van 140 liter, een 32A [&hellip;]<\/p>\n","protected":false},"featured_media":3498,"template":"","meta":{"_acf_changed":false},"characteristic":[],"producttype":[32],"product_brand":[],"product_cat":[20,22],"product_tag":[],"class_list":{"0":"post-2175","1":"product","2":"type-product","3":"status-publish","4":"has-post-thumbnail","6":"producttype-verhuur","7":"product_cat-koeling","8":"product_cat-mobiele-chiller","10":"first","11":"instock","12":"product-type-simple"},"acf":[],"_links":{"self":[{"href":"https:\/\/delta-temp.com\/de_de\/wp-json\/wp\/v2\/product\/2175","targetHints":{"allow":["GET"]}}],"collection":[{"href":"https:\/\/delta-temp.com\/de_de\/wp-json\/wp\/v2\/product"}],"about":[{"href":"https:\/\/delta-temp.com\/de_de\/wp-json\/wp\/v2\/types\/product"}],"wp:featuredmedia":[{"embeddable":true,"href":"https:\/\/delta-temp.com\/de_de\/wp-json\/wp\/v2\/media\/3498"}],"wp:attachment":[{"href":"https:\/\/delta-temp.com\/de_de\/wp-json\/wp\/v2\/media?parent=2175"}],"wp:term":[{"taxonomy":"characteristic","embeddable":true,"href":"https:\/\/delta-temp.com\/de_de\/wp-json\/wp\/v2\/characteristic?post=2175"},{"taxonomy":"producttype","embeddable":true,"href":"https:\/\/delta-temp.com\/de_de\/wp-json\/wp\/v2\/producttype?post=2175"},{"taxonomy":"product_brand","embeddable":true,"href":"https:\/\/delta-temp.com\/de_de\/wp-json\/wp\/v2\/product_brand?post=2175"},{"taxonomy":"product_cat","embeddable":true,"href":"https:\/\/delta-temp.com\/de_de\/wp-json\/wp\/v2\/product_cat?post=2175"},{"taxonomy":"product_tag","embeddable":true,"href":"https:\/\/delta-temp.com\/de_de\/wp-json\/wp\/v2\/product_tag?post=2175"}],"curies":[{"name":"wp","href":"https:\/\/api.w.org\/{rel}","templated":true}]}}